{"id":857,"date":"2020-10-01T14:46:17","date_gmt":"2020-10-01T14:46:17","guid":{"rendered":"http:\/\/duehus.dk\/?page_id=857"},"modified":"2025-06-01T19:35:21","modified_gmt":"2025-06-01T17:35:21","slug":"myter-om-duer","status":"publish","type":"page","link":"https:\/\/duehus.dk\/en\/myter-om-duer\/","title":{"rendered":"Myths about pigeons"},"content":{"rendered":"<div data-elementor-type=\"wp-page\" data-elementor-id=\"857\" class=\"elementor elementor-857\" data-elementor-post-type=\"page\">\n\t\t\t\t<div class=\"elementor-element elementor-element-265fba1 e-flex e-con-boxed e-con e-parent\" data-id=\"265fba1\" data-element_type=\"container\" data-e-type=\"container\" data-settings=\"{&quot;background_background&quot;:&quot;classic&quot;}\">\n\t\t\t\t\t<div class=\"e-con-inner\">\n\t\t<div class=\"elementor-element elementor-element-cf23f07 e-con-full e-flex e-con e-child\" data-id=\"cf23f07\" data-element_type=\"container\" data-e-type=\"container\">\n\t\t<div class=\"elementor-element elementor-element-464b095 e-con-full e-flex e-con e-child\" data-id=\"464b095\" data-element_type=\"container\" data-e-type=\"container\" data-settings=\"{&quot;background_background&quot;:&quot;classic&quot;}\">\n\t\t\t\t<div class=\"elementor-element elementor-element-be0b3a6 elementor--h-position-center elementor--v-position-middle elementor-widget elementor-widget-slides\" data-id=\"be0b3a6\" data-element_type=\"widget\" data-e-type=\"widget\" data-settings=\"{&quot;navigation&quot;:&quot;none&quot;,&quot;autoplay_speed&quot;:5500,&quot;transition&quot;:&quot;fade&quot;,&quot;transition_speed&quot;:5500,&quot;autoplay&quot;:&quot;yes&quot;,&quot;pause_on_hover&quot;:&quot;yes&quot;,&quot;pause_on_interaction&quot;:&quot;yes&quot;,&quot;infinite&quot;:&quot;yes&quot;}\" data-widget_type=\"slides.default\">\n\t\t\t\t<div class=\"elementor-widget-container\">\n\t\t\t\t\t\t\t\t\t<div class=\"elementor-swiper\">\n\t\t\t\t\t<div class=\"elementor-slides-wrapper elementor-main-swiper swiper\" role=\"region\" aria-roledescription=\"carousel\" aria-label=\"Slides\" dir=\"ltr\" data-animation=\"\">\n\t\t\t\t<div class=\"swiper-wrapper elementor-slides\">\n\t\t\t\t\t\t\t\t\t\t<div class=\"elementor-repeater-item-2dc62e0 swiper-slide\" role=\"group\" aria-roledescription=\"slide\"><div class=\"swiper-slide-bg\" role=\"img\" aria-label=\"Pigeon-male-1\"><\/div><div class=\"swiper-slide-inner\" ><div class=\"swiper-slide-contents\"><div class=\"elementor-slide-heading\"> <\/div><div class=\"elementor-slide-description\"> <\/div><div  class=\"elementor-button elementor-slide-button elementor-size-xs\"> <\/div><\/div><\/div><\/div><div class=\"elementor-repeater-item-583e32d swiper-slide\" role=\"group\" aria-roledescription=\"slide\"><div class=\"swiper-slide-bg\" role=\"img\" aria-label=\"Pigeons-dusty-brown-2\"><\/div><div class=\"swiper-slide-inner\" ><div class=\"swiper-slide-contents\"><div class=\"elementor-slide-heading\"> <\/div><div class=\"elementor-slide-description\"> <\/div><div  class=\"elementor-button elementor-slide-button elementor-size-xs\"> <\/div><\/div><\/div><\/div><div class=\"elementor-repeater-item-0911182 swiper-slide\" role=\"group\" aria-roledescription=\"slide\"><div class=\"swiper-slide-bg\" role=\"img\" aria-label=\"dovecote pigeon-with-young\"><\/div><div class=\"swiper-slide-inner\" ><div class=\"swiper-slide-contents\"><div class=\"elementor-slide-heading\"> <\/div><div class=\"elementor-slide-description\"> <\/div><div  class=\"elementor-button elementor-slide-button elementor-size-xs\"> <\/div><\/div><\/div><\/div>\t\t\t\t<\/div>\n\t\t\t\t\t\t\t\t\t\t\t\t\t\t\t\t\t\t\t\t\t<\/div>\n\t\t\t\t<\/div>\n\t\t\t\t\t\t\t\t<\/div>\n\t\t\t\t<\/div>\n\t\t\t\t<div class=\"elementor-element elementor-element-09a9d7e elementor-widget elementor-widget-heading\" data-id=\"09a9d7e\" data-element_type=\"widget\" data-e-type=\"widget\" data-widget_type=\"heading.default\">\n\t\t\t\t<div class=\"elementor-widget-container\">\n\t\t\t\t\t<h1 class=\"elementor-heading-title elementor-size-default\">Beautiful pigeons<\/h1>\t\t\t\t<\/div>\n\t\t\t\t<\/div>\n\t\t\t\t<div class=\"elementor-element elementor-element-beeb041 elementor-widget elementor-widget-heading\" data-id=\"beeb041\" data-element_type=\"widget\" data-e-type=\"widget\" data-widget_type=\"heading.default\">\n\t\t\t\t<div class=\"elementor-widget-container\">\n\t\t\t\t\t<h1 class=\"elementor-heading-title elementor-size-default\">Beautiful pigeons<\/h1>\t\t\t\t<\/div>\n\t\t\t\t<\/div>\n\t\t\t\t<div class=\"elementor-element elementor-element-76551d8 elementor-widget elementor-widget-heading\" data-id=\"76551d8\" data-element_type=\"widget\" data-e-type=\"widget\" data-widget_type=\"heading.default\">\n\t\t\t\t<div class=\"elementor-widget-container\">\n\t\t\t\t\t<h1 class=\"elementor-heading-title elementor-size-default\">Beautiful pigeons<\/h1>\t\t\t\t<\/div>\n\t\t\t\t<\/div>\n\t\t\t\t<div class=\"elementor-element elementor-element-63f88d5 elementor-widget elementor-widget-heading\" data-id=\"63f88d5\" data-element_type=\"widget\" data-e-type=\"widget\" data-widget_type=\"heading.default\">\n\t\t\t\t<div class=\"elementor-widget-container\">\n\t\t\t\t\t<h1 class=\"elementor-heading-title elementor-size-default\">Beaux pigeons<\/h1>\t\t\t\t<\/div>\n\t\t\t\t<\/div>\n\t\t\t\t<div class=\"elementor-element elementor-element-2334e86 elementor-widget elementor-widget-heading\" data-id=\"2334e86\" data-element_type=\"widget\" data-e-type=\"widget\" data-widget_type=\"heading.default\">\n\t\t\t\t<div class=\"elementor-widget-container\">\n\t\t\t\t\t<h1 class=\"elementor-heading-title elementor-size-default\">Palomas hermosas<\/h1>\t\t\t\t<\/div>\n\t\t\t\t<\/div>\n\t\t\t\t<div class=\"elementor-element elementor-element-bf390ff elementor-widget elementor-widget-heading\" data-id=\"bf390ff\" data-element_type=\"widget\" data-e-type=\"widget\" data-widget_type=\"heading.default\">\n\t\t\t\t<div class=\"elementor-widget-container\">\n\t\t\t\t\t<h1 class=\"elementor-heading-title elementor-size-default\">\nBeautiful pigeons<\/h1>\t\t\t\t<\/div>\n\t\t\t\t<\/div>\n\t\t\t\t<div class=\"elementor-element elementor-element-a8c31e6 elementor-widget elementor-widget-heading\" data-id=\"a8c31e6\" data-element_type=\"widget\" data-e-type=\"widget\" data-widget_type=\"heading.default\">\n\t\t\t\t<div class=\"elementor-widget-container\">\n\t\t\t\t\t<h1 class=\"elementor-heading-title elementor-size-default\">alhamam aljamil<\/h1>\t\t\t\t<\/div>\n\t\t\t\t<\/div>\n\t\t\t\t<div class=\"elementor-element elementor-element-44f794a elementor-widget elementor-widget-heading\" data-id=\"44f794a\" data-element_type=\"widget\" data-e-type=\"widget\" data-widget_type=\"heading.default\">\n\t\t\t\t<div class=\"elementor-widget-container\">\n\t\t\t\t\t<h1 class=\"elementor-heading-title elementor-size-default\">Kauniit kyyhkyset<\/h1>\t\t\t\t<\/div>\n\t\t\t\t<\/div>\n\t\t\t\t<div class=\"elementor-element elementor-element-c60e465 elementor-widget elementor-widget-heading\" data-id=\"c60e465\" data-element_type=\"widget\" data-e-type=\"widget\" data-widget_type=\"heading.default\">\n\t\t\t\t<div class=\"elementor-widget-container\">\n\t\t\t\t\t<h1 class=\"elementor-heading-title elementor-size-default\">Bellissimi piccioni<\/h1>\t\t\t\t<\/div>\n\t\t\t\t<\/div>\n\t\t\t\t<div class=\"elementor-element elementor-element-e758c0c elementor-widget elementor-widget-heading\" data-id=\"e758c0c\" data-element_type=\"widget\" data-e-type=\"widget\" data-widget_type=\"heading.default\">\n\t\t\t\t<div class=\"elementor-widget-container\">\n\t\t\t\t\t<h1 class=\"elementor-heading-title elementor-size-default\">Lindos pombos<\/h1>\t\t\t\t<\/div>\n\t\t\t\t<\/div>\n\t\t\t\t<div class=\"elementor-element elementor-element-6c00649 elementor-widget elementor-widget-image\" data-id=\"6c00649\" data-element_type=\"widget\" data-e-type=\"widget\" data-widget_type=\"image.default\">\n\t\t\t\t<div class=\"elementor-widget-container\">\n\t\t\t\t\t\t\t\t\t\t\t\t\t\t\t\t<a href=\"http:\/\/duehus.dk\/en\/interview-andrew-garn\/\">\n\t\t\t\t\t\t\t<img fetchpriority=\"high\" decoding=\"async\" width=\"240\" height=\"300\" src=\"https:\/\/duehus.dk\/wp-content\/uploads\/2020\/09\/Andrew-Garn-pigeons-240x300.avif\" class=\"attachment-medium size-medium wp-image-619\" alt=\"duehus Andrew Garn pigeons\" srcset=\"https:\/\/duehus.dk\/wp-content\/uploads\/2020\/09\/Andrew-Garn-pigeons-240x300.avif 240w, https:\/\/duehus.dk\/wp-content\/uploads\/2020\/09\/Andrew-Garn-pigeons.avif 257w\" sizes=\"(max-width: 240px) 100vw, 240px\" \/>\t\t\t\t\t\t\t\t<\/a>\n\t\t\t\t\t\t\t\t\t\t\t\t\t\t\t<\/div>\n\t\t\t\t<\/div>\n\t\t\t\t<div class=\"elementor-element elementor-element-13f8353 elementor-widget elementor-widget-text-editor\" data-id=\"13f8353\" data-element_type=\"widget\" data-e-type=\"widget\" data-widget_type=\"text-editor.default\">\n\t\t\t\t<div class=\"elementor-widget-container\">\n\t\t\t\t\t\t\t\t\t<p style=\"text-align: center;\"><span style=\"color: #0000ff;\"><strong><a style=\"color: #0000ff;\" href=\"http:\/\/duehus.dk\/en\/interview-andrew-garn\/\">Read interview with photographer Andrew Garn\u00a0 <span style=\"text-decoration: underline;\">here<\/span>.<\/a><\/strong><\/span><\/p>\t\t\t\t\t\t\t\t<\/div>\n\t\t\t\t<\/div>\n\t\t\t\t<\/div>\n\t\t\t\t<\/div>\n\t\t<div class=\"elementor-element elementor-element-41bf5a7 e-con-full e-flex e-con e-child\" data-id=\"41bf5a7\" data-element_type=\"container\" data-e-type=\"container\">\n\t\t<div class=\"elementor-element elementor-element-76d1924 e-con-full e-flex e-con e-child\" data-id=\"76d1924\" data-element_type=\"container\" data-e-type=\"container\" data-settings=\"{&quot;background_background&quot;:&quot;classic&quot;}\">\n\t\t\t\t<div class=\"elementor-element elementor-element-6520bde elementor-widget elementor-widget-heading\" data-id=\"6520bde\" data-element_type=\"widget\" data-e-type=\"widget\" data-widget_type=\"heading.default\">\n\t\t\t\t<div class=\"elementor-widget-container\">\n\t\t\t\t\t<h1 class=\"elementor-heading-title elementor-size-default\">Myths about pigeons<\/h1>\t\t\t\t<\/div>\n\t\t\t\t<\/div>\n\t\t\t\t<div class=\"elementor-element elementor-element-e257378 elementor-widget elementor-widget-text-editor\" data-id=\"e257378\" data-element_type=\"widget\" data-e-type=\"widget\" data-widget_type=\"text-editor.default\">\n\t\t\t\t<div class=\"elementor-widget-container\">\n\t\t\t\t\t\t\t\t\t<p>Director Guy Merchant from an independent company that advises on e.g. pigeons, (but does not fight them) tells that his company receives thousands of inquiries about birds every year, and the most common question is: do wild birds transmit diseases to humans? His answer is no, wild birds do not transmit diseases to humans. \u201cThe likelihood of a bird transmitting a disease to a human is so infinitely small that it is not even worth talking about. The common perception, however, is that pigeons and other wild birds pose a massive threat to human health, and as a result, their numbers should be controlled and kept down. So what is the source of this myth? The pest control industry \u201d.<\/p><p>Merchant has grasped what no one really dares to say out loud: that it is largely the companies that live off so-called pest control that inflate things and make undocumented claims, so that people get an aversion to and fear of certain animals. It is shameful that it is so difficult to get people to realize that pigeons, mice and rats are vertebrates, fall under the same legislation as cats, dogs, rabbits, cows, etc., and that they feel pain, anxiety and stress like any other animal. And that they are not actually itinerant carriers. We find it frivolous and unacceptable that these so-called &quot;pests&quot; should undergo suffering in private individuals &#039;and pest control companies&#039; control attempts. Mention should be made here of journalists &#039;and municipalities&#039; completely nonsensical statements and campaigns against pigeons which show that their knowledge of the animals is non-existent.<\/p><p>That large sums of money are earned from people&#039;s gradually ingrained fear and rage over pigeons, mice, rats, seagulls, damage, insects, moles, snails etc. is a reality. The more we expand and occupy nature, the clearer becomes our lack of acceptance of the beings that once lived in nature, and who certainly have a role to play in the ecosystem that we humans may not always be able to discern. But animals that are not cute to look at, or that do not have a function that is quite obvious to us - or that allow themselves to get rid of excrement in some places that are unacceptable to humans - have often lost in advance. The horror campaigns abound and there are many of them.\u00a0<\/p><p>In many professions, such as At veterinarians and people who work at bird care stations, wild birds suffering from a number of bird diseases are treated daily. People involved in carrier pigeon sports also spend a lot of time in the rooms where the birds live, and there may be an even very large number of pigeons. If the potential for transmission of diseases is so great, why not see regular serious outbreaks of disease and death in these professions and hobbies, where close contact with birds such as. pigeons are common? Because it is not pigeons that transmit any diseases to humans, but rather exotic birds such as parrots, cockatoos and budgies or garden birds such as a sunbird or a red toboggan. All animals - including humans - have the potential to carry and transmit diseases, but we do not kill humans or pets because there MAY be a small chance that they can transmit a disease.<\/p><p>It is regularly experienced that people complain that pigeons make noise and annoy with their cooing. However, it is often the - part of the year - protected ring dove that can have a monotonous cooing. But for many people, pigeons are just pigeons, and something that should not live near them. Man&#039;s peaceful coexistence with animals is often non-existent.\u00a0 \u00a0<\/p><p><strong>Allegations from companies that make a living from fighting, among other things. pigeons (reproduced September 2020 as they appear on the companies&#039; websites):<\/strong><\/p><p>&quot;In addition, pigeons are carriers of several diseases, it can infect residents and property officials.&quot; and \u201cPigeons have several diseases that can be easily transmitted to humans\u201d.\u00a0\u00a0<br \/><em>- Complete Pest Service<\/em><\/p><p>\u201cPigeons are rightly called the flying rat. This is due to the risk of infection with various diseases and bacteria. \u201d<br \/><em>- Chrisal Pest Service<\/em><\/p><p>&quot;Pigeons are the flying rats they are contagious like rats.&quot; <em>\u2013 <span style=\"font-size: inherit;\">Copenhagen Pest Service<\/span><\/em><\/p><p>The pigeon is called &quot;the flying rat&quot;. The pigeon is just as big a spreader as the rat and can cause respiratory and allergy problems as well as menigitis, salmonella and parrot disease. \u201d<br \/><em>- Absolute Pest Service<\/em><\/p><p>&quot;In addition, they - like rats - carry several diseases that can infect humans.&quot; &quot;Pigeons are flying bacterial bombs - which you do not want in your home&quot;.<em> - SOS pests<\/em><\/p><p><strong>Do not believe undocumented claims and myths. Instead, read the truth about: <a title=\"Pigeons and infection\" href=\"http:\/\/duehus.dk\/en\/duer-og-smitte\/\">Pigeons and infection<\/a><\/strong><\/p>\t\t\t\t\t\t\t\t<\/div>\n\t\t\t\t<\/div>\n\t\t\t\t<\/div>\n\t\t\t\t<\/div>\n\t\t\t\t\t<\/div>\n\t\t\t\t<\/div>\n\t\t\t\t<\/div>","protected":false},"excerpt":{"rendered":"<p>Smukke duer Beautiful pigeons Sch\u00f6ne Tauben Beaux pigeons Palomas hermosas Vackra duvor alhamam aljamil Kauniit kyyhkyset Bellissimi piccioni Lindos pombos L\u00e6s interviev med fotografen Andrew Garn\u00a0 h\u00e9r. Myter om duer Direkt\u00f8r Guy Merchant fra et uafh\u00e6ngigt firma, der r\u00e5dgiver om bl.a. duer, (men ikke bek\u00e6mper dem) fort\u00e6ller, at hans firma hvert \u00e5r modtager tusinder af [&hellip;]<\/p>\n","protected":false},"author":3,"featured_media":0,"parent":0,"menu_order":0,"comment_status":"closed","ping_status":"closed","template":"elementor_header_footer","meta":{"_angie_page":false,"footnotes":""},"class_list":["post-857","page","type-page","status-publish","hentry"],"yoast_head":"<!-- This site is optimized with the Yoast SEO plugin v27.4 - https:\/\/yoast.com\/product\/yoast-seo-wordpress\/ -->\n<title>Myter om duer - Duehus.dk<\/title>\n<meta name=\"robots\" content=\"index, follow, max-snippet:-1, max-image-preview:large, max-video-preview:-1\" \/>\n<link rel=\"canonical\" href=\"https:\/\/duehus.dk\/en\/myter-om-duer\/\" \/>\n<meta property=\"og:locale\" content=\"en_US\" \/>\n<meta property=\"og:type\" content=\"article\" \/>\n<meta property=\"og:title\" content=\"Myter om duer - Duehus.dk\" \/>\n<meta property=\"og:description\" content=\"Smukke duer Beautiful pigeons Sch\u00f6ne Tauben Beaux pigeons Palomas hermosas Vackra duvor alhamam aljamil Kauniit kyyhkyset Bellissimi piccioni Lindos pombos L\u00e6s interviev med fotografen Andrew Garn\u00a0 h\u00e9r. Myter om duer Direkt\u00f8r Guy Merchant fra et uafh\u00e6ngigt firma, der r\u00e5dgiver om bl.a. duer, (men ikke bek\u00e6mper dem) fort\u00e6ller, at hans firma hvert \u00e5r modtager tusinder af [&hellip;]\" \/>\n<meta property=\"og:url\" content=\"https:\/\/duehus.dk\/en\/myter-om-duer\/\" \/>\n<meta property=\"og:site_name\" content=\"Duehus.dk\" \/>\n<meta property=\"article:modified_time\" content=\"2025-06-01T17:35:21+00:00\" \/>\n<meta name=\"twitter:card\" content=\"summary_large_image\" \/>\n<meta name=\"twitter:label1\" content=\"Est. reading time\" \/>\n\t<meta name=\"twitter:data1\" content=\"4 minutes\" \/>\n<script type=\"application\/ld+json\" class=\"yoast-schema-graph\">{\"@context\":\"https:\\\/\\\/schema.org\",\"@graph\":[{\"@type\":\"WebPage\",\"@id\":\"https:\\\/\\\/duehus.dk\\\/myter-om-duer\\\/\",\"url\":\"https:\\\/\\\/duehus.dk\\\/myter-om-duer\\\/\",\"name\":\"Myter om duer - Duehus.dk\",\"isPartOf\":{\"@id\":\"https:\\\/\\\/duehus.dk\\\/#website\"},\"primaryImageOfPage\":{\"@id\":\"https:\\\/\\\/duehus.dk\\\/myter-om-duer\\\/#primaryimage\"},\"image\":{\"@id\":\"https:\\\/\\\/duehus.dk\\\/myter-om-duer\\\/#primaryimage\"},\"thumbnailUrl\":\"https:\\\/\\\/duehus.dk\\\/wp-content\\\/uploads\\\/2020\\\/09\\\/Andrew-Garn-pigeons-240x300.avif\",\"datePublished\":\"2020-10-01T14:46:17+00:00\",\"dateModified\":\"2025-06-01T17:35:21+00:00\",\"breadcrumb\":{\"@id\":\"https:\\\/\\\/duehus.dk\\\/myter-om-duer\\\/#breadcrumb\"},\"inLanguage\":\"en-US\",\"potentialAction\":[{\"@type\":\"ReadAction\",\"target\":[\"https:\\\/\\\/duehus.dk\\\/myter-om-duer\\\/\"]}]},{\"@type\":\"ImageObject\",\"inLanguage\":\"en-US\",\"@id\":\"https:\\\/\\\/duehus.dk\\\/myter-om-duer\\\/#primaryimage\",\"url\":\"https:\\\/\\\/duehus.dk\\\/wp-content\\\/uploads\\\/2020\\\/09\\\/Andrew-Garn-pigeons-240x300.avif\",\"contentUrl\":\"https:\\\/\\\/duehus.dk\\\/wp-content\\\/uploads\\\/2020\\\/09\\\/Andrew-Garn-pigeons-240x300.avif\"},{\"@type\":\"BreadcrumbList\",\"@id\":\"https:\\\/\\\/duehus.dk\\\/myter-om-duer\\\/#breadcrumb\",\"itemListElement\":[{\"@type\":\"ListItem\",\"position\":1,\"name\":\"Home\",\"item\":\"https:\\\/\\\/duehus.dk\\\/\"},{\"@type\":\"ListItem\",\"position\":2,\"name\":\"Myter om duer\"}]},{\"@type\":\"WebSite\",\"@id\":\"https:\\\/\\\/duehus.dk\\\/#website\",\"url\":\"https:\\\/\\\/duehus.dk\\\/\",\"name\":\"Duehus.dk\",\"description\":\"respekt for duer\",\"potentialAction\":[{\"@type\":\"SearchAction\",\"target\":{\"@type\":\"EntryPoint\",\"urlTemplate\":\"https:\\\/\\\/duehus.dk\\\/?s={search_term_string}\"},\"query-input\":{\"@type\":\"PropertyValueSpecification\",\"valueRequired\":true,\"valueName\":\"search_term_string\"}}],\"inLanguage\":\"en-US\"}]}<\/script>\n<!-- \/ Yoast SEO plugin. -->","yoast_head_json":{"title":"Myter om duer - Duehus.dk","robots":{"index":"index","follow":"follow","max-snippet":"max-snippet:-1","max-image-preview":"max-image-preview:large","max-video-preview":"max-video-preview:-1"},"canonical":"https:\/\/duehus.dk\/en\/myter-om-duer\/","og_locale":"en_US","og_type":"article","og_title":"Myter om duer - Duehus.dk","og_description":"Smukke duer Beautiful pigeons Sch\u00f6ne Tauben Beaux pigeons Palomas hermosas Vackra duvor alhamam aljamil Kauniit kyyhkyset Bellissimi piccioni Lindos pombos L\u00e6s interviev med fotografen Andrew Garn\u00a0 h\u00e9r. Myter om duer Direkt\u00f8r Guy Merchant fra et uafh\u00e6ngigt firma, der r\u00e5dgiver om bl.a. duer, (men ikke bek\u00e6mper dem) fort\u00e6ller, at hans firma hvert \u00e5r modtager tusinder af [&hellip;]","og_url":"https:\/\/duehus.dk\/en\/myter-om-duer\/","og_site_name":"Duehus.dk","article_modified_time":"2025-06-01T17:35:21+00:00","twitter_card":"summary_large_image","twitter_misc":{"Est. reading time":"4 minutes"},"schema":{"@context":"https:\/\/schema.org","@graph":[{"@type":"WebPage","@id":"https:\/\/duehus.dk\/myter-om-duer\/","url":"https:\/\/duehus.dk\/myter-om-duer\/","name":"Myter om duer - Duehus.dk","isPartOf":{"@id":"https:\/\/duehus.dk\/#website"},"primaryImageOfPage":{"@id":"https:\/\/duehus.dk\/myter-om-duer\/#primaryimage"},"image":{"@id":"https:\/\/duehus.dk\/myter-om-duer\/#primaryimage"},"thumbnailUrl":"https:\/\/duehus.dk\/wp-content\/uploads\/2020\/09\/Andrew-Garn-pigeons-240x300.avif","datePublished":"2020-10-01T14:46:17+00:00","dateModified":"2025-06-01T17:35:21+00:00","breadcrumb":{"@id":"https:\/\/duehus.dk\/myter-om-duer\/#breadcrumb"},"inLanguage":"en-US","potentialAction":[{"@type":"ReadAction","target":["https:\/\/duehus.dk\/myter-om-duer\/"]}]},{"@type":"ImageObject","inLanguage":"en-US","@id":"https:\/\/duehus.dk\/myter-om-duer\/#primaryimage","url":"https:\/\/duehus.dk\/wp-content\/uploads\/2020\/09\/Andrew-Garn-pigeons-240x300.avif","contentUrl":"https:\/\/duehus.dk\/wp-content\/uploads\/2020\/09\/Andrew-Garn-pigeons-240x300.avif"},{"@type":"BreadcrumbList","@id":"https:\/\/duehus.dk\/myter-om-duer\/#breadcrumb","itemListElement":[{"@type":"ListItem","position":1,"name":"Home","item":"https:\/\/duehus.dk\/"},{"@type":"ListItem","position":2,"name":"Myter om duer"}]},{"@type":"WebSite","@id":"https:\/\/duehus.dk\/#website","url":"https:\/\/duehus.dk\/","name":"Duehus.dk","description":"respect for pigeons","potentialAction":[{"@type":"SearchAction","target":{"@type":"EntryPoint","urlTemplate":"https:\/\/duehus.dk\/?s={search_term_string}"},"query-input":{"@type":"PropertyValueSpecification","valueRequired":true,"valueName":"search_term_string"}}],"inLanguage":"en-US"}]}},"_links":{"self":[{"href":"https:\/\/duehus.dk\/en\/wp-json\/wp\/v2\/pages\/857","targetHints":{"allow":["GET"]}}],"collection":[{"href":"https:\/\/duehus.dk\/en\/wp-json\/wp\/v2\/pages"}],"about":[{"href":"https:\/\/duehus.dk\/en\/wp-json\/wp\/v2\/types\/page"}],"author":[{"embeddable":true,"href":"https:\/\/duehus.dk\/en\/wp-json\/wp\/v2\/users\/3"}],"replies":[{"embeddable":true,"href":"https:\/\/duehus.dk\/en\/wp-json\/wp\/v2\/comments?post=857"}],"version-history":[{"count":38,"href":"https:\/\/duehus.dk\/en\/wp-json\/wp\/v2\/pages\/857\/revisions"}],"predecessor-version":[{"id":1893,"href":"https:\/\/duehus.dk\/en\/wp-json\/wp\/v2\/pages\/857\/revisions\/1893"}],"wp:attachment":[{"href":"https:\/\/duehus.dk\/en\/wp-json\/wp\/v2\/media?parent=857"}],"curies":[{"name":"wp","href":"https:\/\/api.w.org\/{rel}","templated":true}]}}