{"id":843,"date":"2020-09-20T14:28:05","date_gmt":"2020-09-20T14:28:05","guid":{"rendered":"http:\/\/duehus.dk\/?page_id=843"},"modified":"2025-06-02T12:18:51","modified_gmt":"2025-06-02T10:18:51","slug":"viden-om-duer","status":"publish","type":"page","link":"https:\/\/duehus.dk\/en\/viden-om-duer\/","title":{"rendered":"Knowledge of pigeons"},"content":{"rendered":"<div data-elementor-type=\"wp-page\" data-elementor-id=\"843\" class=\"elementor elementor-843\" data-elementor-post-type=\"page\">\n\t\t\t\t<div class=\"elementor-element elementor-element-5146bdd e-flex e-con-boxed e-con e-parent\" data-id=\"5146bdd\" data-element_type=\"container\" data-e-type=\"container\" data-settings=\"{&quot;background_background&quot;:&quot;classic&quot;}\">\n\t\t\t\t\t<div class=\"e-con-inner\">\n\t\t<div class=\"elementor-element elementor-element-4ad78ad e-con-full e-flex e-con e-child\" data-id=\"4ad78ad\" data-element_type=\"container\" data-e-type=\"container\">\n\t\t<div class=\"elementor-element elementor-element-a022517 e-con-full e-flex e-con e-child\" data-id=\"a022517\" data-element_type=\"container\" data-e-type=\"container\" data-settings=\"{&quot;background_background&quot;:&quot;classic&quot;}\">\n\t\t\t\t<div class=\"elementor-element elementor-element-0ae16dc elementor--h-position-center elementor--v-position-middle elementor-widget elementor-widget-slides\" data-id=\"0ae16dc\" data-element_type=\"widget\" data-e-type=\"widget\" data-settings=\"{&quot;navigation&quot;:&quot;none&quot;,&quot;autoplay_speed&quot;:5500,&quot;transition&quot;:&quot;fade&quot;,&quot;transition_speed&quot;:5500,&quot;autoplay&quot;:&quot;yes&quot;,&quot;pause_on_hover&quot;:&quot;yes&quot;,&quot;pause_on_interaction&quot;:&quot;yes&quot;,&quot;infinite&quot;:&quot;yes&quot;}\" data-widget_type=\"slides.default\">\n\t\t\t\t<div class=\"elementor-widget-container\">\n\t\t\t\t\t\t\t\t\t<div class=\"elementor-swiper\">\n\t\t\t\t\t<div class=\"elementor-slides-wrapper elementor-main-swiper swiper\" role=\"region\" aria-roledescription=\"carousel\" aria-label=\"Slides\" dir=\"ltr\" data-animation=\"\">\n\t\t\t\t<div class=\"swiper-wrapper elementor-slides\">\n\t\t\t\t\t\t\t\t\t\t<div class=\"elementor-repeater-item-2dc62e0 swiper-slide\" role=\"group\" aria-roledescription=\"slide\"><div class=\"swiper-slide-bg\" role=\"img\" aria-label=\"Pigeon-male-1\"><\/div><div class=\"swiper-slide-inner\" ><div class=\"swiper-slide-contents\"><div class=\"elementor-slide-heading\"> <\/div><div class=\"elementor-slide-description\"> <\/div><div  class=\"elementor-button elementor-slide-button elementor-size-xs\"> <\/div><\/div><\/div><\/div><div class=\"elementor-repeater-item-583e32d swiper-slide\" role=\"group\" aria-roledescription=\"slide\"><div class=\"swiper-slide-bg\" role=\"img\" aria-label=\"Pigeons-dusty-brown-2\"><\/div><div class=\"swiper-slide-inner\" ><div class=\"swiper-slide-contents\"><div class=\"elementor-slide-heading\"> <\/div><div class=\"elementor-slide-description\"> <\/div><div  class=\"elementor-button elementor-slide-button elementor-size-xs\"> <\/div><\/div><\/div><\/div><div class=\"elementor-repeater-item-0911182 swiper-slide\" role=\"group\" aria-roledescription=\"slide\"><div class=\"swiper-slide-bg\" role=\"img\" aria-label=\"dovecote pigeon-with-young\"><\/div><div class=\"swiper-slide-inner\" ><div class=\"swiper-slide-contents\"><div class=\"elementor-slide-heading\"> <\/div><div class=\"elementor-slide-description\"> <\/div><div  class=\"elementor-button elementor-slide-button elementor-size-xs\"> <\/div><\/div><\/div><\/div>\t\t\t\t<\/div>\n\t\t\t\t\t\t\t\t\t\t\t\t\t\t\t\t\t\t\t\t\t<\/div>\n\t\t\t\t<\/div>\n\t\t\t\t\t\t\t\t<\/div>\n\t\t\t\t<\/div>\n\t\t\t\t<div class=\"elementor-element elementor-element-5da3d9e elementor-widget elementor-widget-heading\" data-id=\"5da3d9e\" data-element_type=\"widget\" data-e-type=\"widget\" data-widget_type=\"heading.default\">\n\t\t\t\t<div class=\"elementor-widget-container\">\n\t\t\t\t\t<h1 class=\"elementor-heading-title elementor-size-default\">Beautiful pigeons<\/h1>\t\t\t\t<\/div>\n\t\t\t\t<\/div>\n\t\t\t\t<div class=\"elementor-element elementor-element-9c44f19 elementor-widget elementor-widget-heading\" data-id=\"9c44f19\" data-element_type=\"widget\" data-e-type=\"widget\" data-widget_type=\"heading.default\">\n\t\t\t\t<div class=\"elementor-widget-container\">\n\t\t\t\t\t<h1 class=\"elementor-heading-title elementor-size-default\">Beautiful pigeons<\/h1>\t\t\t\t<\/div>\n\t\t\t\t<\/div>\n\t\t\t\t<div class=\"elementor-element elementor-element-1b81e3b elementor-widget elementor-widget-heading\" data-id=\"1b81e3b\" data-element_type=\"widget\" data-e-type=\"widget\" data-widget_type=\"heading.default\">\n\t\t\t\t<div class=\"elementor-widget-container\">\n\t\t\t\t\t<h1 class=\"elementor-heading-title elementor-size-default\">Beautiful pigeons<\/h1>\t\t\t\t<\/div>\n\t\t\t\t<\/div>\n\t\t\t\t<div class=\"elementor-element elementor-element-05d4590 elementor-widget elementor-widget-heading\" data-id=\"05d4590\" data-element_type=\"widget\" data-e-type=\"widget\" data-widget_type=\"heading.default\">\n\t\t\t\t<div class=\"elementor-widget-container\">\n\t\t\t\t\t<h1 class=\"elementor-heading-title elementor-size-default\">Beaux pigeons<\/h1>\t\t\t\t<\/div>\n\t\t\t\t<\/div>\n\t\t\t\t<div class=\"elementor-element elementor-element-c6ab3bb elementor-widget elementor-widget-heading\" data-id=\"c6ab3bb\" data-element_type=\"widget\" data-e-type=\"widget\" data-widget_type=\"heading.default\">\n\t\t\t\t<div class=\"elementor-widget-container\">\n\t\t\t\t\t<h1 class=\"elementor-heading-title elementor-size-default\">Palomas hermosas<\/h1>\t\t\t\t<\/div>\n\t\t\t\t<\/div>\n\t\t\t\t<div class=\"elementor-element elementor-element-ef1a6c5 elementor-widget elementor-widget-heading\" data-id=\"ef1a6c5\" data-element_type=\"widget\" data-e-type=\"widget\" data-widget_type=\"heading.default\">\n\t\t\t\t<div class=\"elementor-widget-container\">\n\t\t\t\t\t<h1 class=\"elementor-heading-title elementor-size-default\">\nBeautiful pigeons<\/h1>\t\t\t\t<\/div>\n\t\t\t\t<\/div>\n\t\t\t\t<div class=\"elementor-element elementor-element-87cfad5 elementor-widget elementor-widget-heading\" data-id=\"87cfad5\" data-element_type=\"widget\" data-e-type=\"widget\" data-widget_type=\"heading.default\">\n\t\t\t\t<div class=\"elementor-widget-container\">\n\t\t\t\t\t<h1 class=\"elementor-heading-title elementor-size-default\">alhamam aljamil<\/h1>\t\t\t\t<\/div>\n\t\t\t\t<\/div>\n\t\t\t\t<div class=\"elementor-element elementor-element-6785121 elementor-widget elementor-widget-heading\" data-id=\"6785121\" data-element_type=\"widget\" data-e-type=\"widget\" data-widget_type=\"heading.default\">\n\t\t\t\t<div class=\"elementor-widget-container\">\n\t\t\t\t\t<h1 class=\"elementor-heading-title elementor-size-default\">Kauniit kyyhkyset<\/h1>\t\t\t\t<\/div>\n\t\t\t\t<\/div>\n\t\t\t\t<div class=\"elementor-element elementor-element-2609fb8 elementor-widget elementor-widget-heading\" data-id=\"2609fb8\" data-element_type=\"widget\" data-e-type=\"widget\" data-widget_type=\"heading.default\">\n\t\t\t\t<div class=\"elementor-widget-container\">\n\t\t\t\t\t<h1 class=\"elementor-heading-title elementor-size-default\">Bellissimi piccioni<\/h1>\t\t\t\t<\/div>\n\t\t\t\t<\/div>\n\t\t\t\t<div class=\"elementor-element elementor-element-3e6b72f elementor-widget elementor-widget-heading\" data-id=\"3e6b72f\" data-element_type=\"widget\" data-e-type=\"widget\" data-widget_type=\"heading.default\">\n\t\t\t\t<div class=\"elementor-widget-container\">\n\t\t\t\t\t<h1 class=\"elementor-heading-title elementor-size-default\">Lindos pombos<\/h1>\t\t\t\t<\/div>\n\t\t\t\t<\/div>\n\t\t\t\t<div class=\"elementor-element elementor-element-8b53372 elementor-widget elementor-widget-image\" data-id=\"8b53372\" data-element_type=\"widget\" data-e-type=\"widget\" data-widget_type=\"image.default\">\n\t\t\t\t<div class=\"elementor-widget-container\">\n\t\t\t\t\t\t\t\t\t\t\t\t\t\t\t\t<a href=\"http:\/\/duehus.dk\/en\/interview-andrew-garn\/\">\n\t\t\t\t\t\t\t<img fetchpriority=\"high\" decoding=\"async\" width=\"240\" height=\"300\" src=\"https:\/\/duehus.dk\/wp-content\/uploads\/2020\/09\/Andrew-Garn-pigeons-240x300.avif\" class=\"attachment-medium size-medium wp-image-619\" alt=\"duehus Andrew Garn pigeons\" srcset=\"https:\/\/duehus.dk\/wp-content\/uploads\/2020\/09\/Andrew-Garn-pigeons-240x300.avif 240w, https:\/\/duehus.dk\/wp-content\/uploads\/2020\/09\/Andrew-Garn-pigeons.avif 257w\" sizes=\"(max-width: 240px) 100vw, 240px\" \/>\t\t\t\t\t\t\t\t<\/a>\n\t\t\t\t\t\t\t\t\t\t\t\t\t\t\t<\/div>\n\t\t\t\t<\/div>\n\t\t\t\t<div class=\"elementor-element elementor-element-7ef6299 elementor-widget elementor-widget-text-editor\" data-id=\"7ef6299\" data-element_type=\"widget\" data-e-type=\"widget\" data-widget_type=\"text-editor.default\">\n\t\t\t\t<div class=\"elementor-widget-container\">\n\t\t\t\t\t\t\t\t\t<p style=\"text-align: center;\"><span style=\"color: #0000ff;\"><strong><a style=\"color: #0000ff;\" href=\"http:\/\/duehus.dk\/en\/interview-andrew-garn\/\">Read interview with photographer Andrew Garn\u00a0 <span style=\"text-decoration: underline;\">here<\/span>.<\/a><\/strong><\/span><\/p>\t\t\t\t\t\t\t\t<\/div>\n\t\t\t\t<\/div>\n\t\t\t\t<\/div>\n\t\t\t\t<\/div>\n\t\t<div class=\"elementor-element elementor-element-813ffae e-con-full e-flex e-con e-child\" data-id=\"813ffae\" data-element_type=\"container\" data-e-type=\"container\">\n\t\t<div class=\"elementor-element elementor-element-78cb950 e-con-full e-flex e-con e-child\" data-id=\"78cb950\" data-element_type=\"container\" data-e-type=\"container\" data-settings=\"{&quot;background_background&quot;:&quot;classic&quot;}\">\n\t\t\t\t<div class=\"elementor-element elementor-element-79a3ac9 elementor-widget elementor-widget-heading\" data-id=\"79a3ac9\" data-element_type=\"widget\" data-e-type=\"widget\" data-widget_type=\"heading.default\">\n\t\t\t\t<div class=\"elementor-widget-container\">\n\t\t\t\t\t<h1 class=\"elementor-heading-title elementor-size-default\">You should know that about pigeons<\/h1>\t\t\t\t<\/div>\n\t\t\t\t<\/div>\n\t\t\t\t<div class=\"elementor-element elementor-element-d578373 elementor-widget__width-initial elementor-widget elementor-widget-text-editor\" data-id=\"d578373\" data-element_type=\"widget\" data-e-type=\"widget\" data-widget_type=\"text-editor.default\">\n\t\t\t\t<div class=\"elementor-widget-container\">\n\t\t\t\t\t\t\t\t\t<p><strong>How far back have pigeons been known?<\/strong><br \/>Pigeons have lived with humans for thousands of years and the first images of pigeons found by archaeologists in Mesopotamia (today: Iraq) date back to 3000 BC. It was the Sumerians of Mesopotamia (ancient inhabitants of southern Mesopotamia) who first began breeding white doves from the wild dove we see in our cities today, and this is thought to be the background to the incredible range of colors available. in the average herd of city pigeons. Back in time, a white dove would have seemed miraculous, and this explains why the bird was widely worshiped and considered sacred. Throughout human history, the dove has assumed many roles ranging from symbols of gods and goddesses to messengers, pets, and even war heroes!<\/p>\n<p><!-- \/wp:paragraph --><!-- wp:paragraph --><\/p>\n<p><strong>Biblical references<\/strong><br \/>The first biblical reference to the dove was in the Old Testament of the Bible in the first millennium BC. and was the story of Noah (Noah) and the dove of peace. Later, in the New Testament, the dove was first mentioned during the baptism of Christ, in which the dove descended as the Holy Spirit, an image now prevalent in Christian art. The dove was seen as a symbol of truth and innocence. These early biblical references have paved the way for the many different ways in which the dove is seen in modern societies around the world. The perception of the dove over the centuries has changed from God to the devil and from completely to unwanted.\u00a0<\/p>\n<p><!-- \/wp:paragraph --><!-- wp:paragraph --><\/p>\n<p><strong>Pigeon manure - a treasured commodity<\/strong><br \/>Although pigeon droppings are seen as a major problem for property owners in the 21st century, they were considered an invaluable resource in the 16th, 17th and 18th centuries in Europe. Dove excrement was a highly valued fertilizer and was considered to be far more potent than livestock manure. So appreciated in fact that armed guards were stationed at the entrances to pigeon slaughter to stop thieves from stealing the highly prized manure.<br \/>In England in the 16th century, pigeon manure was the only known source of nitrates, an essential ingredient in gunpowder, and was therefore considered a highly valued commodity. In Iran, where it was forbidden to eat pigeon meat, pigeon houses were set up, where pigeon excrement was used as a fertilizer source for melon crops, and in France and Italy it was used to fertilize vineyards and hemp crops.<\/p>\n<p><!-- \/wp:paragraph --><!-- wp:paragraph --><\/p>\n<p><strong>Rock pigeon, the meaning of the word<\/strong><br \/>The wild pigeon that we see in our cities today comes from a rock bird, Columba Livia, which has historically been found in coastal regions. The word &#039;dove&#039; actually comes from the Latin word &#039;pipio&#039; which meant &#039;young bird&#039;. The word was then translated into Old French as &#039;pijon&#039;, from which the English name &#039;pigeon&#039; was derived and is now used worldwide as a common name for rock pigeon. Other common names include &#039;house dove&#039; and &#039;wild pigeon&#039;. In 2004, British and American ornithologists officially renamed the bird the Rock Pigeon.<\/p>\n<div class=\"wp-block-image\">\n<figure class=\"alignright size-large is-resized\"><img decoding=\"async\" class=\"wp-image-359\" src=\"http:\/\/duehus.dk\/wp-content\/uploads\/2020\/09\/Dueungerne-gule-e1600020261374-768x1024.jpg\" alt=\"\" width=\"220\" height=\"293\" \/><\/figure>\n<\/div>\n<p><!-- \/wp:image --><!-- wp:paragraph --><\/p>\n<p><strong>When pigeons breed<\/strong><br \/>Pigeons form pairs for life and can put young in the world up to 8 times a year under optimal conditions, which, however, are rarely present. Pigeon cubs are often seen in the autumn and winter period, as the temperature has generally risen. They lay two eggs at a time, but often only one surviving pigeon cub comes on the wings. The survival of the young depends on the amount of food the parent birds can provide and many small young starve to death. The eggs take 18\/19 days to hatch and both the male and female incubate alternately on the eggs. Both parents feed the young with a special &#039;pigeon milk&#039; (which the parent birds themselves produce) for the first time. The cubs are born blind, but get eyes after approx. 4 days. When the kids are hungry, they make a special sound and flap their wings. At about 2 months of age, the chicks are ready to leave the nest, but it is a hard time they are facing. In the beginning, they try to stick to the parent birds and continue to beg for food from them. The longer they are allowed to stay in the nest or with their parents, the greater their chance of survival.<\/p>\n<p><!-- \/wp:paragraph --><!-- wp:paragraph --><\/p>\n<p><strong>Among the most intelligent animals<\/strong><br \/>Pigeons are considered to be one of the most intelligent birds on earth, being able to perform tasks that were previously considered to be performed only by humans and primates. The pigeon has also been shown to pass the &#039;mirror test&#039; (being able to recognize its own reflection in a mirror) and is one of only 6 species and the only non-mammal that has this ability. The pigeon can also recognize all 26 letters of the English alphabet as well as be able to conceptualize. In scientific tests, pigeons have been shown to be able to distinguish between photographs and even distinguish between two different people in a photograph when rewarded with food for doing so.<\/p>\n<p><!-- \/wp:paragraph --><!-- wp:paragraph --><\/p>\n<p><strong>But what can animals use the term &quot;intelligent&quot; for? <\/strong>The important thing for any animal is to be able to cope in a harsh life and use its instincts to navigate it. That humans test animals based on their own perception of what is meant by being &quot;intelligent&quot; is quite irrelevant to the animal.<\/p>\n<p><!-- \/wp:paragraph --><!-- wp:image {\"align\":\"right\",\"id\":406,\"width\":262,\"height\":219,\"sizeSlug\":\"large\"} --><\/p>\n<div class=\"wp-block-image\">\n<figure class=\"alignright size-large is-resized\"><img decoding=\"async\" class=\"wp-image-406\" src=\"http:\/\/duehus.dk\/wp-content\/uploads\/2020\/09\/Dove_olive_branch_relief_Saint_Peters_Basilica_Vatican_City2-1024x856.jpg\" alt=\"\" width=\"262\" height=\"219\" \/><\/figure>\n<\/div>\n<p><!-- \/wp:image --><!-- wp:paragraph --><\/p>\n<p><strong>The dove as a symbol<\/strong><br \/>The pigeon with an olive branch in its mouth is a familiar image. There are i.a. depicted in St. Peter&#039;s Basilica in Rome (see photo). The symbol originally comes from the story of Noah&#039;s Ark: The first bird Noah (Noah) sent out to search for land was a raven: &quot;it flew back and forth until the water had dried up from the earth.&quot; (Genesis 8: 7) The following week he sent out a dove, which returned without finding water. The following week, the sent pigeon came home with an oil leaf in its beak, and seven days later he sent out a pigeon that found land and did not return. The flood was soon over.<\/p>\n<p><!-- \/wp:paragraph --><!-- wp:paragraph --><\/p>\n<p><strong>The dove as a symbol of peace and love<\/strong><br \/>The dove is a universal symbol of peace and the dove with radiance and halo is a common symbol of the Holy Spirit. On the tombstone, the dove has been frequently used as a symbol of the eternal peace of the dead. Traditionally, the dove has also been the symbol of love, the nickname of the beloved, the lovable turtle dove. It is often seen depicted with the ancient goddess of love Aphrodite. Two doves beaked are symbols of love.<br \/>Nogle v\u00e6lger at betale for, at f\u00e5 lukket en flok hvide duer ud ved bryllupper. En hvid due er som hovedregel en almindelig bydue, som er fremavlet til at have den hvide farve. En s\u00e5dan due er folk af \u00e9n eller anden grund ikke fjendligt stemt. Desv\u00e6rre t\u00e6nker f\u00e5 p\u00e5, at duerne har skullet transporteres over m\u00e5ske lang afstand, og at de har en meget lang flyvetur hjem. Fordi de har skullet bruges som underholdning og symbol..<\/p>\n<p><!-- \/wp:paragraph --><\/p>\t\t\t\t\t\t\t\t<\/div>\n\t\t\t\t<\/div>\n\t\t\t\t<\/div>\n\t\t\t\t<\/div>\n\t\t\t\t\t<\/div>\n\t\t\t\t<\/div>\n\t\t\t\t<\/div>","protected":false},"excerpt":{"rendered":"<p>Smukke duer Beautiful pigeons Sch\u00f6ne Tauben Beaux pigeons Palomas hermosas Vackra duvor alhamam aljamil Kauniit kyyhkyset Bellissimi piccioni Lindos pombos L\u00e6s interviev med fotografen Andrew Garn\u00a0 h\u00e9r. Det b\u00f8r du vide om duer Hvor langt tilbage har man kendt duer?Duer har boet sammen med mennesket i tusinder af \u00e5r og de f\u00f8rste billeder af duer, [&hellip;]<\/p>\n","protected":false},"author":3,"featured_media":0,"parent":0,"menu_order":0,"comment_status":"closed","ping_status":"closed","template":"elementor_header_footer","meta":{"_angie_page":false,"footnotes":""},"class_list":["post-843","page","type-page","status-publish","hentry"],"yoast_head":"<!-- This site is optimized with the Yoast SEO plugin v27.4 - https:\/\/yoast.com\/product\/yoast-seo-wordpress\/ -->\n<title>Viden om duer - Duehus.dk<\/title>\n<meta name=\"robots\" content=\"index, follow, max-snippet:-1, max-image-preview:large, max-video-preview:-1\" \/>\n<link rel=\"canonical\" href=\"https:\/\/duehus.dk\/en\/viden-om-duer\/\" \/>\n<meta property=\"og:locale\" content=\"en_US\" \/>\n<meta property=\"og:type\" content=\"article\" \/>\n<meta property=\"og:title\" content=\"Viden om duer - Duehus.dk\" \/>\n<meta property=\"og:description\" content=\"Smukke duer Beautiful pigeons Sch\u00f6ne Tauben Beaux pigeons Palomas hermosas Vackra duvor alhamam aljamil Kauniit kyyhkyset Bellissimi piccioni Lindos pombos L\u00e6s interviev med fotografen Andrew Garn\u00a0 h\u00e9r. Det b\u00f8r du vide om duer Hvor langt tilbage har man kendt duer?Duer har boet sammen med mennesket i tusinder af \u00e5r og de f\u00f8rste billeder af duer, [&hellip;]\" \/>\n<meta property=\"og:url\" content=\"https:\/\/duehus.dk\/en\/viden-om-duer\/\" \/>\n<meta property=\"og:site_name\" content=\"Duehus.dk\" \/>\n<meta property=\"article:modified_time\" content=\"2025-06-02T10:18:51+00:00\" \/>\n<meta name=\"twitter:card\" content=\"summary_large_image\" \/>\n<meta name=\"twitter:label1\" content=\"Est. reading time\" \/>\n\t<meta name=\"twitter:data1\" content=\"6 minutes\" \/>\n<script type=\"application\/ld+json\" class=\"yoast-schema-graph\">{\"@context\":\"https:\\\/\\\/schema.org\",\"@graph\":[{\"@type\":\"WebPage\",\"@id\":\"https:\\\/\\\/duehus.dk\\\/viden-om-duer\\\/\",\"url\":\"https:\\\/\\\/duehus.dk\\\/viden-om-duer\\\/\",\"name\":\"Viden om duer - Duehus.dk\",\"isPartOf\":{\"@id\":\"https:\\\/\\\/duehus.dk\\\/#website\"},\"primaryImageOfPage\":{\"@id\":\"https:\\\/\\\/duehus.dk\\\/viden-om-duer\\\/#primaryimage\"},\"image\":{\"@id\":\"https:\\\/\\\/duehus.dk\\\/viden-om-duer\\\/#primaryimage\"},\"thumbnailUrl\":\"https:\\\/\\\/duehus.dk\\\/wp-content\\\/uploads\\\/2020\\\/09\\\/Andrew-Garn-pigeons-240x300.avif\",\"datePublished\":\"2020-09-20T14:28:05+00:00\",\"dateModified\":\"2025-06-02T10:18:51+00:00\",\"breadcrumb\":{\"@id\":\"https:\\\/\\\/duehus.dk\\\/viden-om-duer\\\/#breadcrumb\"},\"inLanguage\":\"en-US\",\"potentialAction\":[{\"@type\":\"ReadAction\",\"target\":[\"https:\\\/\\\/duehus.dk\\\/viden-om-duer\\\/\"]}]},{\"@type\":\"ImageObject\",\"inLanguage\":\"en-US\",\"@id\":\"https:\\\/\\\/duehus.dk\\\/viden-om-duer\\\/#primaryimage\",\"url\":\"https:\\\/\\\/duehus.dk\\\/wp-content\\\/uploads\\\/2020\\\/09\\\/Andrew-Garn-pigeons-240x300.avif\",\"contentUrl\":\"https:\\\/\\\/duehus.dk\\\/wp-content\\\/uploads\\\/2020\\\/09\\\/Andrew-Garn-pigeons-240x300.avif\"},{\"@type\":\"BreadcrumbList\",\"@id\":\"https:\\\/\\\/duehus.dk\\\/viden-om-duer\\\/#breadcrumb\",\"itemListElement\":[{\"@type\":\"ListItem\",\"position\":1,\"name\":\"Home\",\"item\":\"https:\\\/\\\/duehus.dk\\\/\"},{\"@type\":\"ListItem\",\"position\":2,\"name\":\"Viden om duer\"}]},{\"@type\":\"WebSite\",\"@id\":\"https:\\\/\\\/duehus.dk\\\/#website\",\"url\":\"https:\\\/\\\/duehus.dk\\\/\",\"name\":\"Duehus.dk\",\"description\":\"respekt for duer\",\"potentialAction\":[{\"@type\":\"SearchAction\",\"target\":{\"@type\":\"EntryPoint\",\"urlTemplate\":\"https:\\\/\\\/duehus.dk\\\/?s={search_term_string}\"},\"query-input\":{\"@type\":\"PropertyValueSpecification\",\"valueRequired\":true,\"valueName\":\"search_term_string\"}}],\"inLanguage\":\"en-US\"}]}<\/script>\n<!-- \/ Yoast SEO plugin. -->","yoast_head_json":{"title":"Viden om duer - Duehus.dk","robots":{"index":"index","follow":"follow","max-snippet":"max-snippet:-1","max-image-preview":"max-image-preview:large","max-video-preview":"max-video-preview:-1"},"canonical":"https:\/\/duehus.dk\/en\/viden-om-duer\/","og_locale":"en_US","og_type":"article","og_title":"Viden om duer - Duehus.dk","og_description":"Smukke duer Beautiful pigeons Sch\u00f6ne Tauben Beaux pigeons Palomas hermosas Vackra duvor alhamam aljamil Kauniit kyyhkyset Bellissimi piccioni Lindos pombos L\u00e6s interviev med fotografen Andrew Garn\u00a0 h\u00e9r. Det b\u00f8r du vide om duer Hvor langt tilbage har man kendt duer?Duer har boet sammen med mennesket i tusinder af \u00e5r og de f\u00f8rste billeder af duer, [&hellip;]","og_url":"https:\/\/duehus.dk\/en\/viden-om-duer\/","og_site_name":"Duehus.dk","article_modified_time":"2025-06-02T10:18:51+00:00","twitter_card":"summary_large_image","twitter_misc":{"Est. reading time":"6 minutes"},"schema":{"@context":"https:\/\/schema.org","@graph":[{"@type":"WebPage","@id":"https:\/\/duehus.dk\/viden-om-duer\/","url":"https:\/\/duehus.dk\/viden-om-duer\/","name":"Viden om duer - Duehus.dk","isPartOf":{"@id":"https:\/\/duehus.dk\/#website"},"primaryImageOfPage":{"@id":"https:\/\/duehus.dk\/viden-om-duer\/#primaryimage"},"image":{"@id":"https:\/\/duehus.dk\/viden-om-duer\/#primaryimage"},"thumbnailUrl":"https:\/\/duehus.dk\/wp-content\/uploads\/2020\/09\/Andrew-Garn-pigeons-240x300.avif","datePublished":"2020-09-20T14:28:05+00:00","dateModified":"2025-06-02T10:18:51+00:00","breadcrumb":{"@id":"https:\/\/duehus.dk\/viden-om-duer\/#breadcrumb"},"inLanguage":"en-US","potentialAction":[{"@type":"ReadAction","target":["https:\/\/duehus.dk\/viden-om-duer\/"]}]},{"@type":"ImageObject","inLanguage":"en-US","@id":"https:\/\/duehus.dk\/viden-om-duer\/#primaryimage","url":"https:\/\/duehus.dk\/wp-content\/uploads\/2020\/09\/Andrew-Garn-pigeons-240x300.avif","contentUrl":"https:\/\/duehus.dk\/wp-content\/uploads\/2020\/09\/Andrew-Garn-pigeons-240x300.avif"},{"@type":"BreadcrumbList","@id":"https:\/\/duehus.dk\/viden-om-duer\/#breadcrumb","itemListElement":[{"@type":"ListItem","position":1,"name":"Home","item":"https:\/\/duehus.dk\/"},{"@type":"ListItem","position":2,"name":"Viden om duer"}]},{"@type":"WebSite","@id":"https:\/\/duehus.dk\/#website","url":"https:\/\/duehus.dk\/","name":"Duehus.dk","description":"respect for pigeons","potentialAction":[{"@type":"SearchAction","target":{"@type":"EntryPoint","urlTemplate":"https:\/\/duehus.dk\/?s={search_term_string}"},"query-input":{"@type":"PropertyValueSpecification","valueRequired":true,"valueName":"search_term_string"}}],"inLanguage":"en-US"}]}},"_links":{"self":[{"href":"https:\/\/duehus.dk\/en\/wp-json\/wp\/v2\/pages\/843","targetHints":{"allow":["GET"]}}],"collection":[{"href":"https:\/\/duehus.dk\/en\/wp-json\/wp\/v2\/pages"}],"about":[{"href":"https:\/\/duehus.dk\/en\/wp-json\/wp\/v2\/types\/page"}],"author":[{"embeddable":true,"href":"https:\/\/duehus.dk\/en\/wp-json\/wp\/v2\/users\/3"}],"replies":[{"embeddable":true,"href":"https:\/\/duehus.dk\/en\/wp-json\/wp\/v2\/comments?post=843"}],"version-history":[{"count":67,"href":"https:\/\/duehus.dk\/en\/wp-json\/wp\/v2\/pages\/843\/revisions"}],"predecessor-version":[{"id":1942,"href":"https:\/\/duehus.dk\/en\/wp-json\/wp\/v2\/pages\/843\/revisions\/1942"}],"wp:attachment":[{"href":"https:\/\/duehus.dk\/en\/wp-json\/wp\/v2\/media?parent=843"}],"curies":[{"name":"wp","href":"https:\/\/api.w.org\/{rel}","templated":true}]}}