{"id":468,"date":"2020-09-16T10:50:45","date_gmt":"2020-09-16T10:50:45","guid":{"rendered":"http:\/\/duehus.dk\/?page_id=468"},"modified":"2025-06-01T19:26:24","modified_gmt":"2025-06-01T17:26:24","slug":"holdninger-til-duer","status":"publish","type":"page","link":"https:\/\/duehus.dk\/en\/holdninger-til-duer\/","title":{"rendered":"Attitudes to pigeons"},"content":{"rendered":"<div data-elementor-type=\"wp-page\" data-elementor-id=\"468\" class=\"elementor elementor-468\" data-elementor-post-type=\"page\">\n\t\t\t\t<div class=\"elementor-element elementor-element-edf43d6 e-flex e-con-boxed e-con e-parent\" data-id=\"edf43d6\" data-element_type=\"container\" data-e-type=\"container\" data-settings=\"{&quot;background_background&quot;:&quot;classic&quot;}\">\n\t\t\t\t\t<div class=\"e-con-inner\">\n\t\t<div class=\"elementor-element elementor-element-d38100d e-con-full e-flex e-con e-child\" data-id=\"d38100d\" data-element_type=\"container\" data-e-type=\"container\">\n\t\t<div class=\"elementor-element elementor-element-e827a5a e-con-full e-flex e-con e-child\" data-id=\"e827a5a\" data-element_type=\"container\" data-e-type=\"container\" data-settings=\"{&quot;background_background&quot;:&quot;classic&quot;}\">\n\t\t\t\t<div class=\"elementor-element elementor-element-e11fd3b elementor--h-position-center elementor--v-position-middle elementor-widget elementor-widget-slides\" data-id=\"e11fd3b\" data-element_type=\"widget\" data-e-type=\"widget\" data-settings=\"{&quot;navigation&quot;:&quot;none&quot;,&quot;autoplay_speed&quot;:5500,&quot;transition&quot;:&quot;fade&quot;,&quot;transition_speed&quot;:5500,&quot;autoplay&quot;:&quot;yes&quot;,&quot;pause_on_hover&quot;:&quot;yes&quot;,&quot;pause_on_interaction&quot;:&quot;yes&quot;,&quot;infinite&quot;:&quot;yes&quot;}\" data-widget_type=\"slides.default\">\n\t\t\t\t<div class=\"elementor-widget-container\">\n\t\t\t\t\t\t\t\t\t<div class=\"elementor-swiper\">\n\t\t\t\t\t<div class=\"elementor-slides-wrapper elementor-main-swiper swiper\" role=\"region\" aria-roledescription=\"carousel\" aria-label=\"Slides\" dir=\"ltr\" data-animation=\"\">\n\t\t\t\t<div class=\"swiper-wrapper elementor-slides\">\n\t\t\t\t\t\t\t\t\t\t<div class=\"elementor-repeater-item-2dc62e0 swiper-slide\" role=\"group\" aria-roledescription=\"slide\"><div class=\"swiper-slide-bg\" role=\"img\" aria-label=\"Pigeon-male-1\"><\/div><div class=\"swiper-slide-inner\" ><div class=\"swiper-slide-contents\"><div class=\"elementor-slide-heading\"> <\/div><div class=\"elementor-slide-description\"> <\/div><div  class=\"elementor-button elementor-slide-button elementor-size-xs\"> <\/div><\/div><\/div><\/div><div class=\"elementor-repeater-item-583e32d swiper-slide\" role=\"group\" aria-roledescription=\"slide\"><div class=\"swiper-slide-bg\" role=\"img\" aria-label=\"Pigeons-dusty-brown-2\"><\/div><div class=\"swiper-slide-inner\" ><div class=\"swiper-slide-contents\"><div class=\"elementor-slide-heading\"> <\/div><div class=\"elementor-slide-description\"> <\/div><div  class=\"elementor-button elementor-slide-button elementor-size-xs\"> <\/div><\/div><\/div><\/div><div class=\"elementor-repeater-item-0911182 swiper-slide\" role=\"group\" aria-roledescription=\"slide\"><div class=\"swiper-slide-bg\" role=\"img\" aria-label=\"dovecote pigeon-with-young\"><\/div><div class=\"swiper-slide-inner\" ><div class=\"swiper-slide-contents\"><div class=\"elementor-slide-heading\"> <\/div><div class=\"elementor-slide-description\"> <\/div><div  class=\"elementor-button elementor-slide-button elementor-size-xs\"> <\/div><\/div><\/div><\/div>\t\t\t\t<\/div>\n\t\t\t\t\t\t\t\t\t\t\t\t\t\t\t\t\t\t\t\t\t<\/div>\n\t\t\t\t<\/div>\n\t\t\t\t\t\t\t\t<\/div>\n\t\t\t\t<\/div>\n\t\t\t\t<div class=\"elementor-element elementor-element-c13ccb9 elementor-widget elementor-widget-heading\" data-id=\"c13ccb9\" data-element_type=\"widget\" data-e-type=\"widget\" data-widget_type=\"heading.default\">\n\t\t\t\t<div class=\"elementor-widget-container\">\n\t\t\t\t\t<h1 class=\"elementor-heading-title elementor-size-default\">Beautiful pigeons<\/h1>\t\t\t\t<\/div>\n\t\t\t\t<\/div>\n\t\t\t\t<div class=\"elementor-element elementor-element-0b7d825 elementor-widget elementor-widget-heading\" data-id=\"0b7d825\" data-element_type=\"widget\" data-e-type=\"widget\" data-widget_type=\"heading.default\">\n\t\t\t\t<div class=\"elementor-widget-container\">\n\t\t\t\t\t<h1 class=\"elementor-heading-title elementor-size-default\">Beautiful pigeons<\/h1>\t\t\t\t<\/div>\n\t\t\t\t<\/div>\n\t\t\t\t<div class=\"elementor-element elementor-element-bd2c16e elementor-widget elementor-widget-heading\" data-id=\"bd2c16e\" data-element_type=\"widget\" data-e-type=\"widget\" data-widget_type=\"heading.default\">\n\t\t\t\t<div class=\"elementor-widget-container\">\n\t\t\t\t\t<h1 class=\"elementor-heading-title elementor-size-default\">Beautiful pigeons<\/h1>\t\t\t\t<\/div>\n\t\t\t\t<\/div>\n\t\t\t\t<div class=\"elementor-element elementor-element-d23b92c elementor-widget elementor-widget-heading\" data-id=\"d23b92c\" data-element_type=\"widget\" data-e-type=\"widget\" data-widget_type=\"heading.default\">\n\t\t\t\t<div class=\"elementor-widget-container\">\n\t\t\t\t\t<h1 class=\"elementor-heading-title elementor-size-default\">Beaux pigeons<\/h1>\t\t\t\t<\/div>\n\t\t\t\t<\/div>\n\t\t\t\t<div class=\"elementor-element elementor-element-1a96c0e elementor-widget elementor-widget-heading\" data-id=\"1a96c0e\" data-element_type=\"widget\" data-e-type=\"widget\" data-widget_type=\"heading.default\">\n\t\t\t\t<div class=\"elementor-widget-container\">\n\t\t\t\t\t<h1 class=\"elementor-heading-title elementor-size-default\">Palomas hermosas<\/h1>\t\t\t\t<\/div>\n\t\t\t\t<\/div>\n\t\t\t\t<div class=\"elementor-element elementor-element-8051dc9 elementor-widget elementor-widget-heading\" data-id=\"8051dc9\" data-element_type=\"widget\" data-e-type=\"widget\" data-widget_type=\"heading.default\">\n\t\t\t\t<div class=\"elementor-widget-container\">\n\t\t\t\t\t<h1 class=\"elementor-heading-title elementor-size-default\">\nBeautiful pigeons<\/h1>\t\t\t\t<\/div>\n\t\t\t\t<\/div>\n\t\t\t\t<div class=\"elementor-element elementor-element-2fa53d6 elementor-widget elementor-widget-heading\" data-id=\"2fa53d6\" data-element_type=\"widget\" data-e-type=\"widget\" data-widget_type=\"heading.default\">\n\t\t\t\t<div class=\"elementor-widget-container\">\n\t\t\t\t\t<h1 class=\"elementor-heading-title elementor-size-default\">alhamam aljamil<\/h1>\t\t\t\t<\/div>\n\t\t\t\t<\/div>\n\t\t\t\t<div class=\"elementor-element elementor-element-753e95b elementor-widget elementor-widget-heading\" data-id=\"753e95b\" data-element_type=\"widget\" data-e-type=\"widget\" data-widget_type=\"heading.default\">\n\t\t\t\t<div class=\"elementor-widget-container\">\n\t\t\t\t\t<h1 class=\"elementor-heading-title elementor-size-default\">Kauniit kyyhkyset<\/h1>\t\t\t\t<\/div>\n\t\t\t\t<\/div>\n\t\t\t\t<div class=\"elementor-element elementor-element-cbdfbb2 elementor-widget elementor-widget-heading\" data-id=\"cbdfbb2\" data-element_type=\"widget\" data-e-type=\"widget\" data-widget_type=\"heading.default\">\n\t\t\t\t<div class=\"elementor-widget-container\">\n\t\t\t\t\t<h1 class=\"elementor-heading-title elementor-size-default\">Bellissimi piccioni<\/h1>\t\t\t\t<\/div>\n\t\t\t\t<\/div>\n\t\t\t\t<div class=\"elementor-element elementor-element-c520eef elementor-widget elementor-widget-heading\" data-id=\"c520eef\" data-element_type=\"widget\" data-e-type=\"widget\" data-widget_type=\"heading.default\">\n\t\t\t\t<div class=\"elementor-widget-container\">\n\t\t\t\t\t<h1 class=\"elementor-heading-title elementor-size-default\">Lindos pombos<\/h1>\t\t\t\t<\/div>\n\t\t\t\t<\/div>\n\t\t\t\t<div class=\"elementor-element elementor-element-16f6083 elementor-widget elementor-widget-image\" data-id=\"16f6083\" data-element_type=\"widget\" data-e-type=\"widget\" data-widget_type=\"image.default\">\n\t\t\t\t<div class=\"elementor-widget-container\">\n\t\t\t\t\t\t\t\t\t\t\t\t\t\t\t\t<a href=\"http:\/\/duehus.dk\/en\/interview-andrew-garn\/\">\n\t\t\t\t\t\t\t<img fetchpriority=\"high\" decoding=\"async\" width=\"240\" height=\"300\" src=\"https:\/\/duehus.dk\/wp-content\/uploads\/2020\/09\/Andrew-Garn-pigeons-240x300.avif\" class=\"attachment-medium size-medium wp-image-619\" alt=\"duehus Andrew Garn pigeons\" srcset=\"https:\/\/duehus.dk\/wp-content\/uploads\/2020\/09\/Andrew-Garn-pigeons-240x300.avif 240w, https:\/\/duehus.dk\/wp-content\/uploads\/2020\/09\/Andrew-Garn-pigeons.avif 257w\" sizes=\"(max-width: 240px) 100vw, 240px\" \/>\t\t\t\t\t\t\t\t<\/a>\n\t\t\t\t\t\t\t\t\t\t\t\t\t\t\t<\/div>\n\t\t\t\t<\/div>\n\t\t\t\t<div class=\"elementor-element elementor-element-2d8581f elementor-widget elementor-widget-text-editor\" data-id=\"2d8581f\" data-element_type=\"widget\" data-e-type=\"widget\" data-widget_type=\"text-editor.default\">\n\t\t\t\t<div class=\"elementor-widget-container\">\n\t\t\t\t\t\t\t\t\t<p style=\"text-align: center;\"><span style=\"color: #0000ff;\"><strong><a style=\"color: #0000ff;\" href=\"http:\/\/duehus.dk\/en\/interview-andrew-garn\/\">Read interview with photographer Andrew Garn\u00a0 <span style=\"text-decoration: underline;\">here<\/span>.<\/a><\/strong><\/span><\/p>\t\t\t\t\t\t\t\t<\/div>\n\t\t\t\t<\/div>\n\t\t\t\t<\/div>\n\t\t\t\t<\/div>\n\t\t<div class=\"elementor-element elementor-element-e7526fb e-con-full e-flex e-con e-child\" data-id=\"e7526fb\" data-element_type=\"container\" data-e-type=\"container\">\n\t\t<div class=\"elementor-element elementor-element-ed7e764 e-con-full e-flex e-con e-child\" data-id=\"ed7e764\" data-element_type=\"container\" data-e-type=\"container\" data-settings=\"{&quot;background_background&quot;:&quot;classic&quot;}\">\n\t\t\t\t<div class=\"elementor-element elementor-element-e3f180c elementor-widget elementor-widget-heading\" data-id=\"e3f180c\" data-element_type=\"widget\" data-e-type=\"widget\" data-widget_type=\"heading.default\">\n\t\t\t\t<div class=\"elementor-widget-container\">\n\t\t\t\t\t<h1 class=\"elementor-heading-title elementor-size-default\">Attitudes to pigeons<\/h1>\t\t\t\t<\/div>\n\t\t\t\t<\/div>\n\t\t\t\t<div class=\"elementor-element elementor-element-7bee144 elementor-widget elementor-widget-text-editor\" data-id=\"7bee144\" data-element_type=\"widget\" data-e-type=\"widget\" data-widget_type=\"text-editor.default\">\n\t\t\t\t<div class=\"elementor-widget-container\">\n\t\t\t\t\t\t\t\t\t<p>When talking to people who feel bothered by pigeons or expressing attitudes towards them, they often view the situation from one of two angles: an objective or a subjective one.<\/p><p>The <span style=\"text-decoration: underline;\">objective<\/span> angle is that one finds that pigeon remains do not look so good, that cleaning must be repeated from time to time, and that solutions such as glued spikes or stretched metal wires are an expense, which, however, is acceptable to the vast majority of property owners. They do not last forever and can pose a danger to not only pigeons but also other bird species - especially if they (the metal wires) are not maintained (see more below <span style=\"text-decoration: underline;\"><strong><span style=\"color: #339966;\"><a style=\"color: #339966; text-decoration: underline;\" title=\"Review of methods - The comments of the Experimental Animal Welfare\" href=\"http:\/\/duehus.dk\/en\/gennemgang-af-nuvaerende-metoder-en-dyrevaernsmaessig-vurdering\/\">Pigeon control<\/a><\/span><\/strong><\/span>).<\/p><p>The <span style=\"text-decoration: underline;\">subjective<\/span> angle is characterized by people criticizing the mere existence of pigeons: they express irritation over them, they look at them as pests, think they are contagious and lack empathy towards the animals. People walk without a guilty conscience past a pigeon that has either been injured or is sitting sick while they would never pass a dog that was in the same situation.<\/p><p><span style=\"color: #000000;\">There are people who have compassion for the pigeons and who are happy with their presence, but they do not make up the majority. Unfortunately, there is little or no support from veterinarians or biologists to help these animals, who are already living incredibly hard and vulnerable lives. If you bring an injured pigeon to the vet, the only &#039;treatment&#039; the vet usually provides is to kill the animal. Despite the fact that the pigeon with the right treatment and care in most cases can easily recover. In addition, many veterinarians have very little knowledge about the treatment of pigeons. It&#039;s a shame, because there are people who want to take care of a pigeon until it is healthy.<\/span><\/p><p>The pest control companies live high on <span style=\"text-decoration: underline;\"><a href=\"http:\/\/duehus.dk\/en\/myter-om-duer\/\"><strong><span style=\"color: #339966; text-decoration: underline;\">myths about the dove<\/span><\/strong><\/a><\/span> as a disease-ridden animal, and they gladly and often make undocumented claims on their websites. Allegations that are allowed to stand unchallenged. Both the public and private sectors turn to the companies to solve &#039;problems&#039; with so-called &#039;pests&#039;, and here the critical sense fails completely: <strong>the words of the pigeon fighters are allowed to stand unchallenged without the customer considering whether there might be financial reasons (they live by the fact that you believe their claims) for the companies to come up with all sorts of scary statements that often seem like the grip out of the blue air.\u00a0<\/strong> Coming up with the same postulates about a number of other, more popular, animal species had never gone.<\/p><p><strong>Due status<br \/><\/strong>When the status of the pigeon has changed for the worse in the last many years, it is due to misinformation and the consequent lack of empathy and respect for the pigeon. As reasons for their aversion to pigeons, many mention the animals&#039; remains. But do pigeons swine more than humans? And is it worse with pigeon droppings than the waste people leave everywhere in the form of plastic, paper, cardboard, leftover food, vomit, pee, cigarette butts, not to mention the dogs&#039; leftovers. We do not find it nice, but we do not talk about killing or capturing for that reason. The pigeons walk around like little garbage men, picking up edibles. There are a few parents who teach their children that they should respect the pigeons and stop chasing them. Since we hate what we learn to hate, we pass on a completely distorted image of and a completely unreasonable attitude to some animals who are both exciting, trusting and who are fighting a hard battle for survival.\u00a0<\/p>\t\t\t\t\t\t\t\t<\/div>\n\t\t\t\t<\/div>\n\t\t\t\t<\/div>\n\t\t\t\t<\/div>\n\t\t\t\t\t<\/div>\n\t\t\t\t<\/div>\n\t\t\t\t<\/div>","protected":false},"excerpt":{"rendered":"<p>Smukke duer Beautiful pigeons Sch\u00f6ne Tauben Beaux pigeons Palomas hermosas Vackra duvor alhamam aljamil Kauniit kyyhkyset Bellissimi piccioni Lindos pombos L\u00e6s interviev med fotografen Andrew Garn\u00a0 h\u00e9r. Holdninger til duer N\u00e5r man taler med mennesker, der f\u00f8ler sig generet af duer eller udtrykker holdninger til dem, s\u00e5 anskuer de ofte situationen ud fra \u00e9n af [&hellip;]<\/p>\n","protected":false},"author":3,"featured_media":441,"parent":0,"menu_order":0,"comment_status":"closed","ping_status":"closed","template":"elementor_header_footer","meta":{"_angie_page":false,"footnotes":""},"class_list":["post-468","page","type-page","status-publish","has-post-thumbnail","hentry"],"yoast_head":"<!-- This site is optimized with the Yoast SEO plugin v27.4 - https:\/\/yoast.com\/product\/yoast-seo-wordpress\/ -->\n<title>Holdninger til duer - Duehus.dk<\/title>\n<meta name=\"robots\" content=\"index, follow, max-snippet:-1, max-image-preview:large, max-video-preview:-1\" \/>\n<link rel=\"canonical\" href=\"https:\/\/duehus.dk\/en\/holdninger-til-duer\/\" \/>\n<meta property=\"og:locale\" content=\"en_US\" \/>\n<meta property=\"og:type\" content=\"article\" \/>\n<meta property=\"og:title\" content=\"Holdninger til duer - Duehus.dk\" \/>\n<meta property=\"og:description\" content=\"Smukke duer Beautiful pigeons Sch\u00f6ne Tauben Beaux pigeons Palomas hermosas Vackra duvor alhamam aljamil Kauniit kyyhkyset Bellissimi piccioni Lindos pombos L\u00e6s interviev med fotografen Andrew Garn\u00a0 h\u00e9r. Holdninger til duer N\u00e5r man taler med mennesker, der f\u00f8ler sig generet af duer eller udtrykker holdninger til dem, s\u00e5 anskuer de ofte situationen ud fra \u00e9n af [&hellip;]\" \/>\n<meta property=\"og:url\" content=\"https:\/\/duehus.dk\/en\/holdninger-til-duer\/\" \/>\n<meta property=\"og:site_name\" content=\"Duehus.dk\" \/>\n<meta property=\"article:modified_time\" content=\"2025-06-01T17:26:24+00:00\" \/>\n<meta name=\"twitter:card\" content=\"summary_large_image\" \/>\n<meta name=\"twitter:label1\" content=\"Est. reading time\" \/>\n\t<meta name=\"twitter:data1\" content=\"3 minutes\" \/>\n<script type=\"application\/ld+json\" class=\"yoast-schema-graph\">{\"@context\":\"https:\\\/\\\/schema.org\",\"@graph\":[{\"@type\":\"WebPage\",\"@id\":\"https:\\\/\\\/duehus.dk\\\/holdninger-til-duer\\\/\",\"url\":\"https:\\\/\\\/duehus.dk\\\/holdninger-til-duer\\\/\",\"name\":\"Holdninger til duer - Duehus.dk\",\"isPartOf\":{\"@id\":\"https:\\\/\\\/duehus.dk\\\/#website\"},\"primaryImageOfPage\":{\"@id\":\"https:\\\/\\\/duehus.dk\\\/holdninger-til-duer\\\/#primaryimage\"},\"image\":{\"@id\":\"https:\\\/\\\/duehus.dk\\\/holdninger-til-duer\\\/#primaryimage\"},\"thumbnailUrl\":\"https:\\\/\\\/duehus.dk\\\/wp-content\\\/uploads\\\/2020\\\/09\\\/Due-han-1-e1600188168163.avif\",\"datePublished\":\"2020-09-16T10:50:45+00:00\",\"dateModified\":\"2025-06-01T17:26:24+00:00\",\"breadcrumb\":{\"@id\":\"https:\\\/\\\/duehus.dk\\\/holdninger-til-duer\\\/#breadcrumb\"},\"inLanguage\":\"en-US\",\"potentialAction\":[{\"@type\":\"ReadAction\",\"target\":[\"https:\\\/\\\/duehus.dk\\\/holdninger-til-duer\\\/\"]}]},{\"@type\":\"ImageObject\",\"inLanguage\":\"en-US\",\"@id\":\"https:\\\/\\\/duehus.dk\\\/holdninger-til-duer\\\/#primaryimage\",\"url\":\"https:\\\/\\\/duehus.dk\\\/wp-content\\\/uploads\\\/2020\\\/09\\\/Due-han-1-e1600188168163.avif\",\"contentUrl\":\"https:\\\/\\\/duehus.dk\\\/wp-content\\\/uploads\\\/2020\\\/09\\\/Due-han-1-e1600188168163.avif\",\"width\":1182,\"height\":887,\"caption\":\"Due-han-1\"},{\"@type\":\"BreadcrumbList\",\"@id\":\"https:\\\/\\\/duehus.dk\\\/holdninger-til-duer\\\/#breadcrumb\",\"itemListElement\":[{\"@type\":\"ListItem\",\"position\":1,\"name\":\"Home\",\"item\":\"https:\\\/\\\/duehus.dk\\\/\"},{\"@type\":\"ListItem\",\"position\":2,\"name\":\"Holdninger til duer\"}]},{\"@type\":\"WebSite\",\"@id\":\"https:\\\/\\\/duehus.dk\\\/#website\",\"url\":\"https:\\\/\\\/duehus.dk\\\/\",\"name\":\"Duehus.dk\",\"description\":\"respekt for duer\",\"potentialAction\":[{\"@type\":\"SearchAction\",\"target\":{\"@type\":\"EntryPoint\",\"urlTemplate\":\"https:\\\/\\\/duehus.dk\\\/?s={search_term_string}\"},\"query-input\":{\"@type\":\"PropertyValueSpecification\",\"valueRequired\":true,\"valueName\":\"search_term_string\"}}],\"inLanguage\":\"en-US\"}]}<\/script>\n<!-- \/ Yoast SEO plugin. -->","yoast_head_json":{"title":"Holdninger til duer - Duehus.dk","robots":{"index":"index","follow":"follow","max-snippet":"max-snippet:-1","max-image-preview":"max-image-preview:large","max-video-preview":"max-video-preview:-1"},"canonical":"https:\/\/duehus.dk\/en\/holdninger-til-duer\/","og_locale":"en_US","og_type":"article","og_title":"Holdninger til duer - Duehus.dk","og_description":"Smukke duer Beautiful pigeons Sch\u00f6ne Tauben Beaux pigeons Palomas hermosas Vackra duvor alhamam aljamil Kauniit kyyhkyset Bellissimi piccioni Lindos pombos L\u00e6s interviev med fotografen Andrew Garn\u00a0 h\u00e9r. Holdninger til duer N\u00e5r man taler med mennesker, der f\u00f8ler sig generet af duer eller udtrykker holdninger til dem, s\u00e5 anskuer de ofte situationen ud fra \u00e9n af [&hellip;]","og_url":"https:\/\/duehus.dk\/en\/holdninger-til-duer\/","og_site_name":"Duehus.dk","article_modified_time":"2025-06-01T17:26:24+00:00","twitter_card":"summary_large_image","twitter_misc":{"Est. reading time":"3 minutes"},"schema":{"@context":"https:\/\/schema.org","@graph":[{"@type":"WebPage","@id":"https:\/\/duehus.dk\/holdninger-til-duer\/","url":"https:\/\/duehus.dk\/holdninger-til-duer\/","name":"Holdninger til duer - Duehus.dk","isPartOf":{"@id":"https:\/\/duehus.dk\/#website"},"primaryImageOfPage":{"@id":"https:\/\/duehus.dk\/holdninger-til-duer\/#primaryimage"},"image":{"@id":"https:\/\/duehus.dk\/holdninger-til-duer\/#primaryimage"},"thumbnailUrl":"https:\/\/duehus.dk\/wp-content\/uploads\/2020\/09\/Due-han-1-e1600188168163.avif","datePublished":"2020-09-16T10:50:45+00:00","dateModified":"2025-06-01T17:26:24+00:00","breadcrumb":{"@id":"https:\/\/duehus.dk\/holdninger-til-duer\/#breadcrumb"},"inLanguage":"en-US","potentialAction":[{"@type":"ReadAction","target":["https:\/\/duehus.dk\/holdninger-til-duer\/"]}]},{"@type":"ImageObject","inLanguage":"en-US","@id":"https:\/\/duehus.dk\/holdninger-til-duer\/#primaryimage","url":"https:\/\/duehus.dk\/wp-content\/uploads\/2020\/09\/Due-han-1-e1600188168163.avif","contentUrl":"https:\/\/duehus.dk\/wp-content\/uploads\/2020\/09\/Due-han-1-e1600188168163.avif","width":1182,"height":887,"caption":"Due-han-1"},{"@type":"BreadcrumbList","@id":"https:\/\/duehus.dk\/holdninger-til-duer\/#breadcrumb","itemListElement":[{"@type":"ListItem","position":1,"name":"Home","item":"https:\/\/duehus.dk\/"},{"@type":"ListItem","position":2,"name":"Holdninger til duer"}]},{"@type":"WebSite","@id":"https:\/\/duehus.dk\/#website","url":"https:\/\/duehus.dk\/","name":"Duehus.dk","description":"respect for pigeons","potentialAction":[{"@type":"SearchAction","target":{"@type":"EntryPoint","urlTemplate":"https:\/\/duehus.dk\/?s={search_term_string}"},"query-input":{"@type":"PropertyValueSpecification","valueRequired":true,"valueName":"search_term_string"}}],"inLanguage":"en-US"}]}},"_links":{"self":[{"href":"https:\/\/duehus.dk\/en\/wp-json\/wp\/v2\/pages\/468","targetHints":{"allow":["GET"]}}],"collection":[{"href":"https:\/\/duehus.dk\/en\/wp-json\/wp\/v2\/pages"}],"about":[{"href":"https:\/\/duehus.dk\/en\/wp-json\/wp\/v2\/types\/page"}],"author":[{"embeddable":true,"href":"https:\/\/duehus.dk\/en\/wp-json\/wp\/v2\/users\/3"}],"replies":[{"embeddable":true,"href":"https:\/\/duehus.dk\/en\/wp-json\/wp\/v2\/comments?post=468"}],"version-history":[{"count":84,"href":"https:\/\/duehus.dk\/en\/wp-json\/wp\/v2\/pages\/468\/revisions"}],"predecessor-version":[{"id":1883,"href":"https:\/\/duehus.dk\/en\/wp-json\/wp\/v2\/pages\/468\/revisions\/1883"}],"wp:featuredmedia":[{"embeddable":true,"href":"https:\/\/duehus.dk\/en\/wp-json\/wp\/v2\/media\/441"}],"wp:attachment":[{"href":"https:\/\/duehus.dk\/en\/wp-json\/wp\/v2\/media?parent=468"}],"curies":[{"name":"wp","href":"https:\/\/api.w.org\/{rel}","templated":true}]}}