{"id":2110,"date":"2025-06-07T19:13:42","date_gmt":"2025-06-07T17:13:42","guid":{"rendered":"https:\/\/duehus.dk\/?page_id=2110"},"modified":"2025-06-08T00:19:03","modified_gmt":"2025-06-07T22:19:03","slug":"rystende-foragt-for-dyreliv","status":"publish","type":"page","link":"https:\/\/duehus.dk\/en\/rystende-foragt-for-dyreliv\/","title":{"rendered":"Rystende foragt for dyreliv"},"content":{"rendered":"<div data-elementor-type=\"wp-page\" data-elementor-id=\"2110\" class=\"elementor elementor-2110\" data-elementor-post-type=\"page\">\n\t\t\t\t<div class=\"elementor-element elementor-element-8c146e5 e-con-full e-flex e-con e-child\" data-id=\"8c146e5\" data-element_type=\"container\" data-e-type=\"container\" data-settings=\"{&quot;background_background&quot;:&quot;classic&quot;}\">\n\t\t<div class=\"elementor-element elementor-element-5388fd5 e-con-full e-flex e-con e-child\" data-id=\"5388fd5\" data-element_type=\"container\" data-e-type=\"container\">\n\t\t\t\t<div class=\"elementor-element elementor-element-2838a1e elementor-widget elementor-widget-image\" data-id=\"2838a1e\" data-element_type=\"widget\" data-e-type=\"widget\" data-widget_type=\"image.default\">\n\t\t\t\t<div class=\"elementor-widget-container\">\n\t\t\t\t\t\t\t\t\t\t\t\t\t\t\t<img fetchpriority=\"high\" decoding=\"async\" width=\"405\" height=\"304\" src=\"https:\/\/duehus.dk\/wp-content\/uploads\/2020\/09\/due-med-unge.jpg\" class=\"attachment-large size-large wp-image-911\" alt=\"duehus due-med-unge\" srcset=\"https:\/\/duehus.dk\/wp-content\/uploads\/2020\/09\/due-med-unge.jpg 405w, https:\/\/duehus.dk\/wp-content\/uploads\/2020\/09\/due-med-unge-300x225.avif 300w\" sizes=\"(max-width: 405px) 100vw, 405px\" \/>\t\t\t\t\t\t\t\t\t\t\t\t\t\t\t<\/div>\n\t\t\t\t<\/div>\n\t\t\t\t<\/div>\n\t\t<div class=\"elementor-element elementor-element-34019e9 e-con-full e-flex e-con e-child\" data-id=\"34019e9\" data-element_type=\"container\" data-e-type=\"container\">\n\t\t<div class=\"elementor-element elementor-element-1586f81 e-con-full e-flex e-con e-child\" data-id=\"1586f81\" data-element_type=\"container\" data-e-type=\"container\">\n\t\t\t\t<div class=\"elementor-element elementor-element-9b9ccd7 elementor-widget elementor-widget-heading\" data-id=\"9b9ccd7\" data-element_type=\"widget\" data-e-type=\"widget\" data-widget_type=\"heading.default\">\n\t\t\t\t<div class=\"elementor-widget-container\">\n\t\t\t\t\t<h2 class=\"elementor-heading-title elementor-size-default\">Rystende foragt for dyreliv\n <\/h2>\t\t\t\t<\/div>\n\t\t\t\t<\/div>\n\t\t\t\t<\/div>\n\t\t<div class=\"elementor-element elementor-element-cbd28a8 e-con-full e-flex e-con e-child\" data-id=\"cbd28a8\" data-element_type=\"container\" data-e-type=\"container\">\n\t\t\t\t<div class=\"elementor-element elementor-element-bd84c7d elementor-widget elementor-widget-text-editor\" data-id=\"bd84c7d\" data-element_type=\"widget\" data-e-type=\"widget\" data-widget_type=\"text-editor.default\">\n\t\t\t\t<div class=\"elementor-widget-container\">\n\t\t\t\t\t\t\t\t\t<p><strong>Distortions arrangement ved Dr. Louises Bro og s\u00f8erne i K\u00f8benhavn d. 5. juni 2025 udviste intet mindre end rystende foragt for dyreliv. Fra en musikscene placeret lige ind i tr\u00e6erne i den ene ende af\u00a0 Dr. Louises Bro br\u00f8lede musikken med en decibel, der flere gange n\u00e5ede op p\u00e5 mellem 92,5 og 95 dB. At bl\u00e6se st\u00f8j i orkanstyrke lige ind i tr\u00e6erne, hvor mange, mange fugle lige nu har reder og unger er i sj\u00e6lden grad ondskabsfuldt &#8211; arrang\u00f8rerne er b\u00e5de tidligere \u00e5r og i \u00e5r gjort opm\u00e6rksom p\u00e5, at arrangementer med lyd i den styrke ikke b\u00f8r l\u00e6gges i fuglenes yngletid. B\u00e5de den fredede ringdue og et stort antal sv\u00f8mmefugle har \u00e6g og unger. Et stort antal unger har ikke overlevet at blive forladt af for\u00e6ldrefuglene, som til sidst skr\u00e6mmes v\u00e6k fra rederne.\u00a0<br \/><\/strong><strong>Arrangementet fremstod som legeplads for tankel\u00f8se mennesker.<\/strong><\/p>\t\t\t\t\t\t\t\t<\/div>\n\t\t\t\t<\/div>\n\t\t\t\t<\/div>\n\t\t\t\t<\/div>\n\t\t\t\t<\/div>\n\t\t\t\t<\/div>","protected":false},"excerpt":{"rendered":"<p>Rystende foragt for dyreliv Distortions arrangement ved Dr. Louises Bro og s\u00f8erne i K\u00f8benhavn d. 5. juni 2025 udviste intet mindre end rystende foragt for dyreliv. Fra en musikscene placeret lige ind i tr\u00e6erne i den ene ende af\u00a0 Dr. Louises Bro br\u00f8lede musikken med en decibel, der flere gange n\u00e5ede op p\u00e5 mellem 92,5 [&hellip;]<\/p>\n","protected":false},"author":1,"featured_media":0,"parent":0,"menu_order":0,"comment_status":"closed","ping_status":"closed","template":"","meta":{"_angie_page":false,"footnotes":""},"class_list":["post-2110","page","type-page","status-publish","hentry"],"yoast_head":"<!-- This site is optimized with the Yoast SEO plugin v27.4 - https:\/\/yoast.com\/product\/yoast-seo-wordpress\/ -->\n<title>Rystende foragt for dyreliv - Duehus.dk<\/title>\n<meta name=\"robots\" content=\"index, follow, max-snippet:-1, max-image-preview:large, max-video-preview:-1\" \/>\n<link rel=\"canonical\" href=\"https:\/\/duehus.dk\/en\/rystende-foragt-for-dyreliv\/\" \/>\n<meta property=\"og:locale\" content=\"en_US\" \/>\n<meta property=\"og:type\" content=\"article\" \/>\n<meta property=\"og:title\" content=\"Rystende foragt for dyreliv - Duehus.dk\" \/>\n<meta property=\"og:description\" content=\"Rystende foragt for dyreliv Distortions arrangement ved Dr. Louises Bro og s\u00f8erne i K\u00f8benhavn d. 5. juni 2025 udviste intet mindre end rystende foragt for dyreliv. Fra en musikscene placeret lige ind i tr\u00e6erne i den ene ende af\u00a0 Dr. Louises Bro br\u00f8lede musikken med en decibel, der flere gange n\u00e5ede op p\u00e5 mellem 92,5 [&hellip;]\" \/>\n<meta property=\"og:url\" content=\"https:\/\/duehus.dk\/en\/rystende-foragt-for-dyreliv\/\" \/>\n<meta property=\"og:site_name\" content=\"Duehus.dk\" \/>\n<meta property=\"article:modified_time\" content=\"2025-06-07T22:19:03+00:00\" \/>\n<meta name=\"twitter:card\" content=\"summary_large_image\" \/>\n<meta name=\"twitter:label1\" content=\"Est. reading time\" \/>\n\t<meta name=\"twitter:data1\" content=\"1 minute\" \/>\n<script type=\"application\/ld+json\" class=\"yoast-schema-graph\">{\"@context\":\"https:\\\/\\\/schema.org\",\"@graph\":[{\"@type\":\"WebPage\",\"@id\":\"https:\\\/\\\/duehus.dk\\\/rystende-foragt-for-dyreliv\\\/\",\"url\":\"https:\\\/\\\/duehus.dk\\\/rystende-foragt-for-dyreliv\\\/\",\"name\":\"Rystende foragt for dyreliv - Duehus.dk\",\"isPartOf\":{\"@id\":\"https:\\\/\\\/duehus.dk\\\/#website\"},\"primaryImageOfPage\":{\"@id\":\"https:\\\/\\\/duehus.dk\\\/rystende-foragt-for-dyreliv\\\/#primaryimage\"},\"image\":{\"@id\":\"https:\\\/\\\/duehus.dk\\\/rystende-foragt-for-dyreliv\\\/#primaryimage\"},\"thumbnailUrl\":\"https:\\\/\\\/duehus.dk\\\/wp-content\\\/uploads\\\/2020\\\/09\\\/due-med-unge.jpg\",\"datePublished\":\"2025-06-07T17:13:42+00:00\",\"dateModified\":\"2025-06-07T22:19:03+00:00\",\"breadcrumb\":{\"@id\":\"https:\\\/\\\/duehus.dk\\\/rystende-foragt-for-dyreliv\\\/#breadcrumb\"},\"inLanguage\":\"en-US\",\"potentialAction\":[{\"@type\":\"ReadAction\",\"target\":[\"https:\\\/\\\/duehus.dk\\\/rystende-foragt-for-dyreliv\\\/\"]}]},{\"@type\":\"ImageObject\",\"inLanguage\":\"en-US\",\"@id\":\"https:\\\/\\\/duehus.dk\\\/rystende-foragt-for-dyreliv\\\/#primaryimage\",\"url\":\"https:\\\/\\\/duehus.dk\\\/wp-content\\\/uploads\\\/2020\\\/09\\\/due-med-unge.jpg\",\"contentUrl\":\"https:\\\/\\\/duehus.dk\\\/wp-content\\\/uploads\\\/2020\\\/09\\\/due-med-unge.jpg\"},{\"@type\":\"BreadcrumbList\",\"@id\":\"https:\\\/\\\/duehus.dk\\\/rystende-foragt-for-dyreliv\\\/#breadcrumb\",\"itemListElement\":[{\"@type\":\"ListItem\",\"position\":1,\"name\":\"Home\",\"item\":\"https:\\\/\\\/duehus.dk\\\/\"},{\"@type\":\"ListItem\",\"position\":2,\"name\":\"Rystende foragt for dyreliv\"}]},{\"@type\":\"WebSite\",\"@id\":\"https:\\\/\\\/duehus.dk\\\/#website\",\"url\":\"https:\\\/\\\/duehus.dk\\\/\",\"name\":\"Duehus.dk\",\"description\":\"respekt for duer\",\"potentialAction\":[{\"@type\":\"SearchAction\",\"target\":{\"@type\":\"EntryPoint\",\"urlTemplate\":\"https:\\\/\\\/duehus.dk\\\/?s={search_term_string}\"},\"query-input\":{\"@type\":\"PropertyValueSpecification\",\"valueRequired\":true,\"valueName\":\"search_term_string\"}}],\"inLanguage\":\"en-US\"}]}<\/script>\n<!-- \/ Yoast SEO plugin. -->","yoast_head_json":{"title":"Rystende foragt for dyreliv - Duehus.dk","robots":{"index":"index","follow":"follow","max-snippet":"max-snippet:-1","max-image-preview":"max-image-preview:large","max-video-preview":"max-video-preview:-1"},"canonical":"https:\/\/duehus.dk\/en\/rystende-foragt-for-dyreliv\/","og_locale":"en_US","og_type":"article","og_title":"Rystende foragt for dyreliv - Duehus.dk","og_description":"Rystende foragt for dyreliv Distortions arrangement ved Dr. Louises Bro og s\u00f8erne i K\u00f8benhavn d. 5. juni 2025 udviste intet mindre end rystende foragt for dyreliv. Fra en musikscene placeret lige ind i tr\u00e6erne i den ene ende af\u00a0 Dr. Louises Bro br\u00f8lede musikken med en decibel, der flere gange n\u00e5ede op p\u00e5 mellem 92,5 [&hellip;]","og_url":"https:\/\/duehus.dk\/en\/rystende-foragt-for-dyreliv\/","og_site_name":"Duehus.dk","article_modified_time":"2025-06-07T22:19:03+00:00","twitter_card":"summary_large_image","twitter_misc":{"Est. reading time":"1 minute"},"schema":{"@context":"https:\/\/schema.org","@graph":[{"@type":"WebPage","@id":"https:\/\/duehus.dk\/rystende-foragt-for-dyreliv\/","url":"https:\/\/duehus.dk\/rystende-foragt-for-dyreliv\/","name":"Rystende foragt for dyreliv - Duehus.dk","isPartOf":{"@id":"https:\/\/duehus.dk\/#website"},"primaryImageOfPage":{"@id":"https:\/\/duehus.dk\/rystende-foragt-for-dyreliv\/#primaryimage"},"image":{"@id":"https:\/\/duehus.dk\/rystende-foragt-for-dyreliv\/#primaryimage"},"thumbnailUrl":"https:\/\/duehus.dk\/wp-content\/uploads\/2020\/09\/due-med-unge.jpg","datePublished":"2025-06-07T17:13:42+00:00","dateModified":"2025-06-07T22:19:03+00:00","breadcrumb":{"@id":"https:\/\/duehus.dk\/rystende-foragt-for-dyreliv\/#breadcrumb"},"inLanguage":"en-US","potentialAction":[{"@type":"ReadAction","target":["https:\/\/duehus.dk\/rystende-foragt-for-dyreliv\/"]}]},{"@type":"ImageObject","inLanguage":"en-US","@id":"https:\/\/duehus.dk\/rystende-foragt-for-dyreliv\/#primaryimage","url":"https:\/\/duehus.dk\/wp-content\/uploads\/2020\/09\/due-med-unge.jpg","contentUrl":"https:\/\/duehus.dk\/wp-content\/uploads\/2020\/09\/due-med-unge.jpg"},{"@type":"BreadcrumbList","@id":"https:\/\/duehus.dk\/rystende-foragt-for-dyreliv\/#breadcrumb","itemListElement":[{"@type":"ListItem","position":1,"name":"Home","item":"https:\/\/duehus.dk\/"},{"@type":"ListItem","position":2,"name":"Rystende foragt for dyreliv"}]},{"@type":"WebSite","@id":"https:\/\/duehus.dk\/#website","url":"https:\/\/duehus.dk\/","name":"Duehus.dk","description":"respect for pigeons","potentialAction":[{"@type":"SearchAction","target":{"@type":"EntryPoint","urlTemplate":"https:\/\/duehus.dk\/?s={search_term_string}"},"query-input":{"@type":"PropertyValueSpecification","valueRequired":true,"valueName":"search_term_string"}}],"inLanguage":"en-US"}]}},"_links":{"self":[{"href":"https:\/\/duehus.dk\/en\/wp-json\/wp\/v2\/pages\/2110","targetHints":{"allow":["GET"]}}],"collection":[{"href":"https:\/\/duehus.dk\/en\/wp-json\/wp\/v2\/pages"}],"about":[{"href":"https:\/\/duehus.dk\/en\/wp-json\/wp\/v2\/types\/page"}],"author":[{"embeddable":true,"href":"https:\/\/duehus.dk\/en\/wp-json\/wp\/v2\/users\/1"}],"replies":[{"embeddable":true,"href":"https:\/\/duehus.dk\/en\/wp-json\/wp\/v2\/comments?post=2110"}],"version-history":[{"count":10,"href":"https:\/\/duehus.dk\/en\/wp-json\/wp\/v2\/pages\/2110\/revisions"}],"predecessor-version":[{"id":2145,"href":"https:\/\/duehus.dk\/en\/wp-json\/wp\/v2\/pages\/2110\/revisions\/2145"}],"wp:attachment":[{"href":"https:\/\/duehus.dk\/en\/wp-json\/wp\/v2\/media?parent=2110"}],"curies":[{"name":"wp","href":"https:\/\/api.w.org\/{rel}","templated":true}]}}